{"id":931,"date":"2022-03-18T14:35:11","date_gmt":"2022-03-18T13:35:11","guid":{"rendered":"http:\/\/sonika.sk\/?page_id=931"},"modified":"2024-03-05T22:12:41","modified_gmt":"2024-03-05T21:12:41","slug":"uvod","status":"publish","type":"page","link":"http:\/\/sonika.sk\/","title":{"rendered":"\u00davod"},"content":{"rendered":"<p>[vc_row][vc_column width=&#8220;1\/3&#8243;][vc_column_text]<\/p>\n<h1>Vitajte !<\/h1>\n<p>&nbsp;<\/p>\n<p>Vol\u00e1m sa <strong>So\u0148a Kab\u00e1tov\u00e1<\/strong> a som <strong>svadobn\u00e1, rodinn\u00e1 a novorodeneck\u00e1<\/strong> <strong>fotografka<\/strong>. Ak V\u00e1s zauj\u00edma m\u00f4j fotografick\u00fd pr\u00edbeh a bli\u017e\u0161ie inform\u00e1cie, prejdite na sekciu &#8222;o mne&#8220;.<\/p>\n<p>&nbsp;<\/p>\n<div class=\"flex flex-grow flex-col max-w-full\">\n<div class=\"min-h-[20px] text-message flex flex-col items-start gap-3 whitespace-pre-wrap break-words [.text-message+&amp;]:mt-5 overflow-x-auto\" data-message-author-role=\"assistant\" data-message-id=\"62d2fe56-9438-4747-90c7-f83836677760\">\n<p>V oblasti fotografie sa sna\u017e\u00edm odv\u00e1dza\u0165 profesion\u00e1lnu a citliv\u00fa pr\u00e1cu, v r\u00e1mci ktorej zachyt\u00e1vam najd\u00f4le\u017eitej\u0161ie okamihy vo Va\u0161om \u017eivote. Od svadobn\u00fdch obradov a rodinn\u00fdch portr\u00e9tov a\u017e po n\u00e1dhern\u00e9 novorodeneck\u00e9 fotografie. Prostredn\u00edctvom fotografie sa zameriavam na rozpovedanie pr\u00edbehu, ktor\u00fd sa odohr\u00e1va pred objekt\u00edvom fotoapar\u00e1tu.<\/p>\n<p>&nbsp;<\/p>\n<\/div>\n<p>Nav\u0161t\u00edvte fotogal\u00e9rie na tejto str\u00e1nke a objavte sp\u00f4sob a \u0161t\u00fdl ak\u00fdm fotografujem. Aktu\u00e1lnu tvorbu publikujem aj na FunPage na Facebooku pod n\u00e1zvom <strong>Sonika.sk<\/strong><\/p>\n<p>&nbsp;<\/p>\n<\/div>\n<p>Ak V\u00e1s moja pr\u00e1ca zaujala a chcete sa dozvedie\u0165 viac alebo by ste si radi rezervovali fotografovanie, nev\u00e1hajte ma kontaktova\u0165. Som tu, aby som V\u00e1m pomohla zachyti\u0165 Va\u0161e \u0161peci\u00e1lne chv\u00edle s l\u00e1skou a pozornos\u0165ou, ktor\u00e9 si zasl\u00fa\u017eia.<\/p>\n<p>&nbsp;<\/p>\n<p>V r\u00e1mci men\u0161\u00edch fotografovan\u00ed (rodinn\u00e1, novorodeneck\u00e1 fotografia) p\u00f4sob\u00edm preva\u017ene <strong>v \u0161ir\u0161om okol\u00ed Serede, Galanty, Trnavy a Nitry<\/strong>. V pr\u00edpade svadobn\u00e9ho fotografovania <strong>cestujem aj \u010falej<\/strong>.&nbsp;<\/p>\n<p>&nbsp;<\/p>\n<p>&nbsp;<\/p>\n<p><img loading=\"lazy\" class=\"alignnone size-full wp-image-1415\" src=\"http:\/\/sonika.sk\/wp-content\/uploads\/2024\/03\/F1_04058-ARW_DxO_PRIME-1-scaled.jpg\" alt=\"\" width=\"1707\" height=\"2560\" srcset=\"http:\/\/sonika.sk\/wp-content\/uploads\/2024\/03\/F1_04058-ARW_DxO_PRIME-1-scaled.jpg 1707w, http:\/\/sonika.sk\/wp-content\/uploads\/2024\/03\/F1_04058-ARW_DxO_PRIME-1-200x300.jpg 200w, http:\/\/sonika.sk\/wp-content\/uploads\/2024\/03\/F1_04058-ARW_DxO_PRIME-1-683x1024.jpg 683w, http:\/\/sonika.sk\/wp-content\/uploads\/2024\/03\/F1_04058-ARW_DxO_PRIME-1-768x1152.jpg 768w, http:\/\/sonika.sk\/wp-content\/uploads\/2024\/03\/F1_04058-ARW_DxO_PRIME-1-1024x1536.jpg 1024w, http:\/\/sonika.sk\/wp-content\/uploads\/2024\/03\/F1_04058-ARW_DxO_PRIME-1-1365x2048.jpg 1365w\" sizes=\"(max-width: 1707px) 100vw, 1707px\" \/><\/p>\n<p>Tel: 0952 066 349&nbsp;&nbsp;&nbsp;&nbsp;&nbsp;&nbsp;&nbsp;&nbsp;&nbsp;&nbsp;&nbsp;&nbsp;&nbsp;&nbsp;&nbsp;&nbsp;&nbsp;&nbsp;&nbsp;&nbsp;&nbsp;&nbsp;&nbsp;&nbsp;&nbsp;&nbsp;&nbsp;&nbsp;&nbsp;&nbsp;<\/p>\n<p>E-mail: foto@sonika.sk[\/vc_column_text][vc_column_text][\/vc_column_text][\/vc_column][vc_column width=&#8220;2\/3&#8243;][vc_column_text]<\/p>\n<h4 style=\"text-align: center;\"><em>&#8222;Fotografia je jedin\u00fd jazyk, ktor\u00fd sa d\u00e1 rozumie\u0165 kdeko\u013evek na svete.&#8220; &#8211; Bruno Barbey<\/em><\/h4>\n<p>[\/vc_column_text][vc_column_text]<\/p>\n<h2 style=\"text-align: center;\"><strong>Svadobn\u00e1 fotografia<\/strong><\/h2>\n<p>[\/vc_column_text][vc_column_text]<img loading=\"lazy\" class=\"alignnone size-full wp-image-1387\" src=\"http:\/\/sonika.sk\/wp-content\/uploads\/2024\/03\/DSC_00191-scaled.jpg\" alt=\"\" width=\"2560\" height=\"1709\" srcset=\"http:\/\/sonika.sk\/wp-content\/uploads\/2024\/03\/DSC_00191-scaled.jpg 2560w, http:\/\/sonika.sk\/wp-content\/uploads\/2024\/03\/DSC_00191-300x200.jpg 300w, http:\/\/sonika.sk\/wp-content\/uploads\/2024\/03\/DSC_00191-1024x684.jpg 1024w, http:\/\/sonika.sk\/wp-content\/uploads\/2024\/03\/DSC_00191-768x513.jpg 768w, http:\/\/sonika.sk\/wp-content\/uploads\/2024\/03\/DSC_00191-1536x1025.jpg 1536w, http:\/\/sonika.sk\/wp-content\/uploads\/2024\/03\/DSC_00191-2048x1367.jpg 2048w\" sizes=\"(max-width: 2560px) 100vw, 2560px\" \/>[\/vc_column_text][vc_column_text]<\/p>\n<h2 style=\"text-align: center;\"><strong>Rodinn\u00e1 fotografia<\/strong><\/h2>\n<p>[\/vc_column_text][vc_column_text]<img loading=\"lazy\" class=\"alignnone size-full wp-image-1397\" src=\"http:\/\/sonika.sk\/wp-content\/uploads\/2024\/03\/DSC_0958-scaled.jpg\" alt=\"\" width=\"2560\" height=\"1709\" srcset=\"http:\/\/sonika.sk\/wp-content\/uploads\/2024\/03\/DSC_0958-scaled.jpg 2560w, http:\/\/sonika.sk\/wp-content\/uploads\/2024\/03\/DSC_0958-300x200.jpg 300w, http:\/\/sonika.sk\/wp-content\/uploads\/2024\/03\/DSC_0958-1024x684.jpg 1024w, http:\/\/sonika.sk\/wp-content\/uploads\/2024\/03\/DSC_0958-768x513.jpg 768w, http:\/\/sonika.sk\/wp-content\/uploads\/2024\/03\/DSC_0958-1536x1025.jpg 1536w, http:\/\/sonika.sk\/wp-content\/uploads\/2024\/03\/DSC_0958-2048x1367.jpg 2048w\" sizes=\"(max-width: 2560px) 100vw, 2560px\" \/>[\/vc_column_text][vc_column_text]<\/p>\n<h2 style=\"text-align: center;\"><strong>Novorodeneck\u00e1 fotografia<\/strong><\/h2>\n<p>[\/vc_column_text][vc_column_text]<img loading=\"lazy\" class=\"alignnone size-full wp-image-1403\" src=\"http:\/\/sonika.sk\/wp-content\/uploads\/2024\/03\/DSC_0469-scaled.jpg\" alt=\"\" width=\"2560\" height=\"1709\" srcset=\"http:\/\/sonika.sk\/wp-content\/uploads\/2024\/03\/DSC_0469-scaled.jpg 2560w, http:\/\/sonika.sk\/wp-content\/uploads\/2024\/03\/DSC_0469-300x200.jpg 300w, http:\/\/sonika.sk\/wp-content\/uploads\/2024\/03\/DSC_0469-1024x684.jpg 1024w, http:\/\/sonika.sk\/wp-content\/uploads\/2024\/03\/DSC_0469-768x513.jpg 768w, http:\/\/sonika.sk\/wp-content\/uploads\/2024\/03\/DSC_0469-1536x1025.jpg 1536w, http:\/\/sonika.sk\/wp-content\/uploads\/2024\/03\/DSC_0469-2048x1367.jpg 2048w\" sizes=\"(max-width: 2560px) 100vw, 2560px\" \/>[\/vc_column_text][vc_column_text]<\/p>\n<h2 style=\"text-align: center;\"><strong>Tehotensk\u00e1 fotografia<\/strong><\/h2>\n<p>[\/vc_column_text][vc_column_text]<img loading=\"lazy\" class=\"alignnone size-full wp-image-1495\" src=\"http:\/\/sonika.sk\/wp-content\/uploads\/2024\/03\/DSC_0012-scaled.jpg\" alt=\"\" width=\"2560\" height=\"1709\" srcset=\"http:\/\/sonika.sk\/wp-content\/uploads\/2024\/03\/DSC_0012-scaled.jpg 2560w, http:\/\/sonika.sk\/wp-content\/uploads\/2024\/03\/DSC_0012-300x200.jpg 300w, http:\/\/sonika.sk\/wp-content\/uploads\/2024\/03\/DSC_0012-1024x684.jpg 1024w, http:\/\/sonika.sk\/wp-content\/uploads\/2024\/03\/DSC_0012-768x513.jpg 768w, http:\/\/sonika.sk\/wp-content\/uploads\/2024\/03\/DSC_0012-1536x1025.jpg 1536w, http:\/\/sonika.sk\/wp-content\/uploads\/2024\/03\/DSC_0012-2048x1367.jpg 2048w\" sizes=\"(max-width: 2560px) 100vw, 2560px\" \/>[\/vc_column_text][\/vc_column][\/vc_row][vc_row][vc_column][vc_column_text][\/vc_column_text][\/vc_column][\/vc_row]<\/p>\n","protected":false},"excerpt":{"rendered":"<p>[vc_row][vc_column width=&#8220;1\/3&#8243;][vc_column_text] Vitajte ! &nbsp; Vol\u00e1m sa So\u0148a Kab\u00e1tov\u00e1 a som svadobn\u00e1, rodinn\u00e1 a novorodeneck\u00e1 fotografka. Ak V\u00e1s zauj\u00edma m\u00f4j fotografick\u00fd pr\u00edbeh a bli\u017e\u0161ie inform\u00e1cie, prejdite na sekciu &#8222;o mne&#8220;. [&hellip;]<\/p>\n","protected":false},"author":2,"featured_media":0,"parent":0,"menu_order":0,"comment_status":"closed","ping_status":"closed","template":"page-templates\/pagebuilder.php","meta":{"_mi_skip_tracking":false,"ngg_post_thumbnail":0},"yoast_head":"<!-- This site is optimized with the Yoast SEO plugin v18.8 - https:\/\/yoast.com\/wordpress\/plugins\/seo\/ -->\n<title>\u00davod - So\u0148a Kab\u00e1tov\u00e1 - SONIKA<\/title>\n<meta name=\"robots\" content=\"index, follow, max-snippet:-1, max-image-preview:large, max-video-preview:-1\" \/>\n<link rel=\"canonical\" href=\"http:\/\/sonika.sk\/\" \/>\n<meta property=\"og:locale\" content=\"sk_SK\" \/>\n<meta property=\"og:type\" content=\"article\" \/>\n<meta property=\"og:title\" content=\"\u00davod - So\u0148a Kab\u00e1tov\u00e1 - SONIKA\" \/>\n<meta property=\"og:description\" content=\"[vc_row][vc_column width=&#8220;1\/3&#8243;][vc_column_text] Vitajte ! &nbsp; Vol\u00e1m sa So\u0148a Kab\u00e1tov\u00e1 a som svadobn\u00e1, rodinn\u00e1 a novorodeneck\u00e1 fotografka. Ak V\u00e1s zauj\u00edma m\u00f4j fotografick\u00fd pr\u00edbeh a bli\u017e\u0161ie inform\u00e1cie, prejdite na sekciu &#8222;o mne&#8220;. [&hellip;]\" \/>\n<meta property=\"og:url\" content=\"http:\/\/sonika.sk\/\" \/>\n<meta property=\"og:site_name\" content=\"So\u0148a Kab\u00e1tov\u00e1 - SONIKA\" \/>\n<meta property=\"article:modified_time\" content=\"2024-03-05T21:12:41+00:00\" \/>\n<meta property=\"og:image\" content=\"http:\/\/sonika.sk\/wp-content\/uploads\/2024\/03\/F1_04058-ARW_DxO_PRIME-1-scaled.jpg\" \/>\n<meta name=\"twitter:card\" content=\"summary_large_image\" \/>\n<meta name=\"twitter:label1\" content=\"Predpokladan\u00fd \u010das \u010d\u00edtania\" \/>\n\t<meta name=\"twitter:data1\" content=\"2 min\u00faty\" \/>\n<script type=\"application\/ld+json\" class=\"yoast-schema-graph\">{\"@context\":\"https:\/\/schema.org\",\"@graph\":[{\"@type\":[\"Person\",\"Organization\"],\"@id\":\"http:\/\/sonika.sk\/#\/schema\/person\/af4af21d3691d05680030cceaf0d8485\",\"name\":\"So\u0148a Kab\u00e1tov\u00e1\",\"image\":{\"@type\":\"ImageObject\",\"inLanguage\":\"sk-SK\",\"@id\":\"http:\/\/sonika.sk\/#\/schema\/person\/image\/\",\"url\":\"http:\/\/1.gravatar.com\/avatar\/767bac3a677d8299a707cfeb0a56a270?s=96&d=mm&r=g\",\"contentUrl\":\"http:\/\/1.gravatar.com\/avatar\/767bac3a677d8299a707cfeb0a56a270?s=96&d=mm&r=g\",\"caption\":\"So\u0148a Kab\u00e1tov\u00e1\"},\"logo\":{\"@id\":\"http:\/\/sonika.sk\/#\/schema\/person\/image\/\"}},{\"@type\":\"WebSite\",\"@id\":\"http:\/\/sonika.sk\/#website\",\"url\":\"http:\/\/sonika.sk\/\",\"name\":\"So\u0148a Kab\u00e1tov\u00e1 - SONIKA\",\"description\":\"SVADOBN\u00c1, RODINN\u00c1 A NOVORODENECK\u00c1 FOTOGRAFKA\",\"publisher\":{\"@id\":\"http:\/\/sonika.sk\/#\/schema\/person\/af4af21d3691d05680030cceaf0d8485\"},\"potentialAction\":[{\"@type\":\"SearchAction\",\"target\":{\"@type\":\"EntryPoint\",\"urlTemplate\":\"http:\/\/sonika.sk\/?s={search_term_string}\"},\"query-input\":\"required name=search_term_string\"}],\"inLanguage\":\"sk-SK\"},{\"@type\":\"ImageObject\",\"inLanguage\":\"sk-SK\",\"@id\":\"http:\/\/sonika.sk\/#primaryimage\",\"url\":\"http:\/\/sonika.sk\/wp-content\/uploads\/2024\/03\/F1_04058-ARW_DxO_PRIME-1-scaled.jpg\",\"contentUrl\":\"http:\/\/sonika.sk\/wp-content\/uploads\/2024\/03\/F1_04058-ARW_DxO_PRIME-1-scaled.jpg\",\"width\":1707,\"height\":2560},{\"@type\":\"WebPage\",\"@id\":\"http:\/\/sonika.sk\/#webpage\",\"url\":\"http:\/\/sonika.sk\/\",\"name\":\"\u00davod - So\u0148a Kab\u00e1tov\u00e1 - SONIKA\",\"isPartOf\":{\"@id\":\"http:\/\/sonika.sk\/#website\"},\"primaryImageOfPage\":{\"@id\":\"http:\/\/sonika.sk\/#primaryimage\"},\"datePublished\":\"2022-03-18T13:35:11+00:00\",\"dateModified\":\"2024-03-05T21:12:41+00:00\",\"breadcrumb\":{\"@id\":\"http:\/\/sonika.sk\/#breadcrumb\"},\"inLanguage\":\"sk-SK\",\"potentialAction\":[{\"@type\":\"ReadAction\",\"target\":[\"http:\/\/sonika.sk\/\"]}]},{\"@type\":\"BreadcrumbList\",\"@id\":\"http:\/\/sonika.sk\/#breadcrumb\",\"itemListElement\":[{\"@type\":\"ListItem\",\"position\":1,\"name\":\"Home\",\"item\":\"http:\/\/sonika.sk\/\"},{\"@type\":\"ListItem\",\"position\":2,\"name\":\"\u00davod\"}]}]}<\/script>\n<!-- \/ Yoast SEO plugin. -->","yoast_head_json":{"title":"\u00davod - So\u0148a Kab\u00e1tov\u00e1 - SONIKA","robots":{"index":"index","follow":"follow","max-snippet":"max-snippet:-1","max-image-preview":"max-image-preview:large","max-video-preview":"max-video-preview:-1"},"canonical":"http:\/\/sonika.sk\/","og_locale":"sk_SK","og_type":"article","og_title":"\u00davod - So\u0148a Kab\u00e1tov\u00e1 - SONIKA","og_description":"[vc_row][vc_column width=&#8220;1\/3&#8243;][vc_column_text] Vitajte ! &nbsp; Vol\u00e1m sa So\u0148a Kab\u00e1tov\u00e1 a som svadobn\u00e1, rodinn\u00e1 a novorodeneck\u00e1 fotografka. Ak V\u00e1s zauj\u00edma m\u00f4j fotografick\u00fd pr\u00edbeh a bli\u017e\u0161ie inform\u00e1cie, prejdite na sekciu &#8222;o mne&#8220;. [&hellip;]","og_url":"http:\/\/sonika.sk\/","og_site_name":"So\u0148a Kab\u00e1tov\u00e1 - SONIKA","article_modified_time":"2024-03-05T21:12:41+00:00","og_image":[{"url":"http:\/\/sonika.sk\/wp-content\/uploads\/2024\/03\/F1_04058-ARW_DxO_PRIME-1-scaled.jpg"}],"twitter_card":"summary_large_image","twitter_misc":{"Predpokladan\u00fd \u010das \u010d\u00edtania":"2 min\u00faty"},"schema":{"@context":"https:\/\/schema.org","@graph":[{"@type":["Person","Organization"],"@id":"http:\/\/sonika.sk\/#\/schema\/person\/af4af21d3691d05680030cceaf0d8485","name":"So\u0148a Kab\u00e1tov\u00e1","image":{"@type":"ImageObject","inLanguage":"sk-SK","@id":"http:\/\/sonika.sk\/#\/schema\/person\/image\/","url":"http:\/\/1.gravatar.com\/avatar\/767bac3a677d8299a707cfeb0a56a270?s=96&d=mm&r=g","contentUrl":"http:\/\/1.gravatar.com\/avatar\/767bac3a677d8299a707cfeb0a56a270?s=96&d=mm&r=g","caption":"So\u0148a Kab\u00e1tov\u00e1"},"logo":{"@id":"http:\/\/sonika.sk\/#\/schema\/person\/image\/"}},{"@type":"WebSite","@id":"http:\/\/sonika.sk\/#website","url":"http:\/\/sonika.sk\/","name":"So\u0148a Kab\u00e1tov\u00e1 - SONIKA","description":"SVADOBN\u00c1, RODINN\u00c1 A NOVORODENECK\u00c1 FOTOGRAFKA","publisher":{"@id":"http:\/\/sonika.sk\/#\/schema\/person\/af4af21d3691d05680030cceaf0d8485"},"potentialAction":[{"@type":"SearchAction","target":{"@type":"EntryPoint","urlTemplate":"http:\/\/sonika.sk\/?s={search_term_string}"},"query-input":"required name=search_term_string"}],"inLanguage":"sk-SK"},{"@type":"ImageObject","inLanguage":"sk-SK","@id":"http:\/\/sonika.sk\/#primaryimage","url":"http:\/\/sonika.sk\/wp-content\/uploads\/2024\/03\/F1_04058-ARW_DxO_PRIME-1-scaled.jpg","contentUrl":"http:\/\/sonika.sk\/wp-content\/uploads\/2024\/03\/F1_04058-ARW_DxO_PRIME-1-scaled.jpg","width":1707,"height":2560},{"@type":"WebPage","@id":"http:\/\/sonika.sk\/#webpage","url":"http:\/\/sonika.sk\/","name":"\u00davod - So\u0148a Kab\u00e1tov\u00e1 - SONIKA","isPartOf":{"@id":"http:\/\/sonika.sk\/#website"},"primaryImageOfPage":{"@id":"http:\/\/sonika.sk\/#primaryimage"},"datePublished":"2022-03-18T13:35:11+00:00","dateModified":"2024-03-05T21:12:41+00:00","breadcrumb":{"@id":"http:\/\/sonika.sk\/#breadcrumb"},"inLanguage":"sk-SK","potentialAction":[{"@type":"ReadAction","target":["http:\/\/sonika.sk\/"]}]},{"@type":"BreadcrumbList","@id":"http:\/\/sonika.sk\/#breadcrumb","itemListElement":[{"@type":"ListItem","position":1,"name":"Home","item":"http:\/\/sonika.sk\/"},{"@type":"ListItem","position":2,"name":"\u00davod"}]}]}},"_links":{"self":[{"href":"http:\/\/sonika.sk\/index.php?rest_route=\/wp\/v2\/pages\/931"}],"collection":[{"href":"http:\/\/sonika.sk\/index.php?rest_route=\/wp\/v2\/pages"}],"about":[{"href":"http:\/\/sonika.sk\/index.php?rest_route=\/wp\/v2\/types\/page"}],"author":[{"embeddable":true,"href":"http:\/\/sonika.sk\/index.php?rest_route=\/wp\/v2\/users\/2"}],"replies":[{"embeddable":true,"href":"http:\/\/sonika.sk\/index.php?rest_route=%2Fwp%2Fv2%2Fcomments&post=931"}],"version-history":[{"count":7,"href":"http:\/\/sonika.sk\/index.php?rest_route=\/wp\/v2\/pages\/931\/revisions"}],"predecessor-version":[{"id":1496,"href":"http:\/\/sonika.sk\/index.php?rest_route=\/wp\/v2\/pages\/931\/revisions\/1496"}],"wp:attachment":[{"href":"http:\/\/sonika.sk\/index.php?rest_route=%2Fwp%2Fv2%2Fmedia&parent=931"}],"curies":[{"name":"wp","href":"https:\/\/api.w.org\/{rel}","templated":true}]}}