{"id":913,"date":"2020-08-05T14:34:02","date_gmt":"2020-08-05T12:34:02","guid":{"rendered":"http:\/\/sonika.sk\/?page_id=913"},"modified":"2024-03-20T19:45:20","modified_gmt":"2024-03-20T18:45:20","slug":"kontakt","status":"publish","type":"page","link":"http:\/\/sonika.sk\/?page_id=913","title":{"rendered":"Kontakt"},"content":{"rendered":"<p>[vc_row][vc_column][vc_column_text]<\/p>\n<h4>Pre rezerv\u00e1ciu term\u00ednu alebo bli\u017e\u0161ie inform\u00e1cie k fotografovaniu ma nev\u00e1hajte kontaktova\u0165 telefonicky, mailom alebo cez formul\u00e1r ni\u017e\u0161ie a ja v\u00e1s kontaktujem cez E-mail nasp\u00e4\u0165.<\/h4>\n<h4>Tel.: 0952 066 349<\/h4>\n<h4>E-mail: foto@sonika.sk<\/h4>\n<p>[\/vc_column_text][\/vc_column][\/vc_row]<\/p>\n","protected":false},"excerpt":{"rendered":"<p>[vc_row][vc_column][vc_column_text] Pre rezerv\u00e1ciu term\u00ednu alebo bli\u017e\u0161ie inform\u00e1cie k fotografovaniu ma nev\u00e1hajte kontaktova\u0165 telefonicky, mailom alebo cez formul\u00e1r ni\u017e\u0161ie a ja v\u00e1s kontaktujem cez E-mail nasp\u00e4\u0165. Tel.: 0952 066 349 E-mail: [&hellip;]<\/p>\n","protected":false},"author":2,"featured_media":0,"parent":0,"menu_order":0,"comment_status":"closed","ping_status":"closed","template":"","meta":{"_mi_skip_tracking":false,"ngg_post_thumbnail":0},"yoast_head":"<!-- This site is optimized with the Yoast SEO plugin v18.8 - https:\/\/yoast.com\/wordpress\/plugins\/seo\/ -->\n<title>Kontakt - So\u0148a Kab\u00e1tov\u00e1 - SONIKA<\/title>\n<meta name=\"robots\" content=\"index, follow, max-snippet:-1, max-image-preview:large, max-video-preview:-1\" \/>\n<link rel=\"canonical\" href=\"https:\/\/sonika.sk\/?page_id=913\" \/>\n<meta property=\"og:locale\" content=\"sk_SK\" \/>\n<meta property=\"og:type\" content=\"article\" \/>\n<meta property=\"og:title\" content=\"Kontakt - So\u0148a Kab\u00e1tov\u00e1 - SONIKA\" \/>\n<meta property=\"og:description\" content=\"[vc_row][vc_column][vc_column_text] Pre rezerv\u00e1ciu term\u00ednu alebo bli\u017e\u0161ie inform\u00e1cie k fotografovaniu ma nev\u00e1hajte kontaktova\u0165 telefonicky, mailom alebo cez formul\u00e1r ni\u017e\u0161ie a ja v\u00e1s kontaktujem cez E-mail nasp\u00e4\u0165. Tel.: 0952 066 349 E-mail: [&hellip;]\" \/>\n<meta property=\"og:url\" content=\"https:\/\/sonika.sk\/?page_id=913\" \/>\n<meta property=\"og:site_name\" content=\"So\u0148a Kab\u00e1tov\u00e1 - SONIKA\" \/>\n<meta property=\"article:modified_time\" content=\"2024-03-20T18:45:20+00:00\" \/>\n<meta name=\"twitter:card\" content=\"summary_large_image\" \/>\n<meta name=\"twitter:label1\" content=\"Predpokladan\u00fd \u010das \u010d\u00edtania\" \/>\n\t<meta name=\"twitter:data1\" content=\"1 min\u00fata\" \/>\n<script type=\"application\/ld+json\" class=\"yoast-schema-graph\">{\"@context\":\"https:\/\/schema.org\",\"@graph\":[{\"@type\":[\"Person\",\"Organization\"],\"@id\":\"http:\/\/sonika.sk\/#\/schema\/person\/af4af21d3691d05680030cceaf0d8485\",\"name\":\"So\u0148a Kab\u00e1tov\u00e1\",\"image\":{\"@type\":\"ImageObject\",\"inLanguage\":\"sk-SK\",\"@id\":\"http:\/\/sonika.sk\/#\/schema\/person\/image\/\",\"url\":\"http:\/\/1.gravatar.com\/avatar\/767bac3a677d8299a707cfeb0a56a270?s=96&d=mm&r=g\",\"contentUrl\":\"http:\/\/1.gravatar.com\/avatar\/767bac3a677d8299a707cfeb0a56a270?s=96&d=mm&r=g\",\"caption\":\"So\u0148a Kab\u00e1tov\u00e1\"},\"logo\":{\"@id\":\"http:\/\/sonika.sk\/#\/schema\/person\/image\/\"}},{\"@type\":\"WebSite\",\"@id\":\"http:\/\/sonika.sk\/#website\",\"url\":\"http:\/\/sonika.sk\/\",\"name\":\"So\u0148a Kab\u00e1tov\u00e1 - SONIKA\",\"description\":\"SVADOBN\u00c1, RODINN\u00c1 A NOVORODENECK\u00c1 FOTOGRAFKA\",\"publisher\":{\"@id\":\"http:\/\/sonika.sk\/#\/schema\/person\/af4af21d3691d05680030cceaf0d8485\"},\"potentialAction\":[{\"@type\":\"SearchAction\",\"target\":{\"@type\":\"EntryPoint\",\"urlTemplate\":\"http:\/\/sonika.sk\/?s={search_term_string}\"},\"query-input\":\"required name=search_term_string\"}],\"inLanguage\":\"sk-SK\"},{\"@type\":\"WebPage\",\"@id\":\"https:\/\/sonika.sk\/?page_id=913#webpage\",\"url\":\"https:\/\/sonika.sk\/?page_id=913\",\"name\":\"Kontakt - So\u0148a Kab\u00e1tov\u00e1 - SONIKA\",\"isPartOf\":{\"@id\":\"http:\/\/sonika.sk\/#website\"},\"datePublished\":\"2020-08-05T12:34:02+00:00\",\"dateModified\":\"2024-03-20T18:45:20+00:00\",\"breadcrumb\":{\"@id\":\"https:\/\/sonika.sk\/?page_id=913#breadcrumb\"},\"inLanguage\":\"sk-SK\",\"potentialAction\":[{\"@type\":\"ReadAction\",\"target\":[\"https:\/\/sonika.sk\/?page_id=913\"]}]},{\"@type\":\"BreadcrumbList\",\"@id\":\"https:\/\/sonika.sk\/?page_id=913#breadcrumb\",\"itemListElement\":[{\"@type\":\"ListItem\",\"position\":1,\"name\":\"Home\",\"item\":\"http:\/\/sonika.sk\/\"},{\"@type\":\"ListItem\",\"position\":2,\"name\":\"Kontakt\"}]}]}<\/script>\n<!-- \/ Yoast SEO plugin. -->","yoast_head_json":{"title":"Kontakt - So\u0148a Kab\u00e1tov\u00e1 - SONIKA","robots":{"index":"index","follow":"follow","max-snippet":"max-snippet:-1","max-image-preview":"max-image-preview:large","max-video-preview":"max-video-preview:-1"},"canonical":"https:\/\/sonika.sk\/?page_id=913","og_locale":"sk_SK","og_type":"article","og_title":"Kontakt - So\u0148a Kab\u00e1tov\u00e1 - SONIKA","og_description":"[vc_row][vc_column][vc_column_text] Pre rezerv\u00e1ciu term\u00ednu alebo bli\u017e\u0161ie inform\u00e1cie k fotografovaniu ma nev\u00e1hajte kontaktova\u0165 telefonicky, mailom alebo cez formul\u00e1r ni\u017e\u0161ie a ja v\u00e1s kontaktujem cez E-mail nasp\u00e4\u0165. Tel.: 0952 066 349 E-mail: [&hellip;]","og_url":"https:\/\/sonika.sk\/?page_id=913","og_site_name":"So\u0148a Kab\u00e1tov\u00e1 - SONIKA","article_modified_time":"2024-03-20T18:45:20+00:00","twitter_card":"summary_large_image","twitter_misc":{"Predpokladan\u00fd \u010das \u010d\u00edtania":"1 min\u00fata"},"schema":{"@context":"https:\/\/schema.org","@graph":[{"@type":["Person","Organization"],"@id":"http:\/\/sonika.sk\/#\/schema\/person\/af4af21d3691d05680030cceaf0d8485","name":"So\u0148a Kab\u00e1tov\u00e1","image":{"@type":"ImageObject","inLanguage":"sk-SK","@id":"http:\/\/sonika.sk\/#\/schema\/person\/image\/","url":"http:\/\/1.gravatar.com\/avatar\/767bac3a677d8299a707cfeb0a56a270?s=96&d=mm&r=g","contentUrl":"http:\/\/1.gravatar.com\/avatar\/767bac3a677d8299a707cfeb0a56a270?s=96&d=mm&r=g","caption":"So\u0148a Kab\u00e1tov\u00e1"},"logo":{"@id":"http:\/\/sonika.sk\/#\/schema\/person\/image\/"}},{"@type":"WebSite","@id":"http:\/\/sonika.sk\/#website","url":"http:\/\/sonika.sk\/","name":"So\u0148a Kab\u00e1tov\u00e1 - SONIKA","description":"SVADOBN\u00c1, RODINN\u00c1 A NOVORODENECK\u00c1 FOTOGRAFKA","publisher":{"@id":"http:\/\/sonika.sk\/#\/schema\/person\/af4af21d3691d05680030cceaf0d8485"},"potentialAction":[{"@type":"SearchAction","target":{"@type":"EntryPoint","urlTemplate":"http:\/\/sonika.sk\/?s={search_term_string}"},"query-input":"required name=search_term_string"}],"inLanguage":"sk-SK"},{"@type":"WebPage","@id":"https:\/\/sonika.sk\/?page_id=913#webpage","url":"https:\/\/sonika.sk\/?page_id=913","name":"Kontakt - So\u0148a Kab\u00e1tov\u00e1 - SONIKA","isPartOf":{"@id":"http:\/\/sonika.sk\/#website"},"datePublished":"2020-08-05T12:34:02+00:00","dateModified":"2024-03-20T18:45:20+00:00","breadcrumb":{"@id":"https:\/\/sonika.sk\/?page_id=913#breadcrumb"},"inLanguage":"sk-SK","potentialAction":[{"@type":"ReadAction","target":["https:\/\/sonika.sk\/?page_id=913"]}]},{"@type":"BreadcrumbList","@id":"https:\/\/sonika.sk\/?page_id=913#breadcrumb","itemListElement":[{"@type":"ListItem","position":1,"name":"Home","item":"http:\/\/sonika.sk\/"},{"@type":"ListItem","position":2,"name":"Kontakt"}]}]}},"_links":{"self":[{"href":"http:\/\/sonika.sk\/index.php?rest_route=\/wp\/v2\/pages\/913"}],"collection":[{"href":"http:\/\/sonika.sk\/index.php?rest_route=\/wp\/v2\/pages"}],"about":[{"href":"http:\/\/sonika.sk\/index.php?rest_route=\/wp\/v2\/types\/page"}],"author":[{"embeddable":true,"href":"http:\/\/sonika.sk\/index.php?rest_route=\/wp\/v2\/users\/2"}],"replies":[{"embeddable":true,"href":"http:\/\/sonika.sk\/index.php?rest_route=%2Fwp%2Fv2%2Fcomments&post=913"}],"version-history":[{"count":6,"href":"http:\/\/sonika.sk\/index.php?rest_route=\/wp\/v2\/pages\/913\/revisions"}],"predecessor-version":[{"id":1749,"href":"http:\/\/sonika.sk\/index.php?rest_route=\/wp\/v2\/pages\/913\/revisions\/1749"}],"wp:attachment":[{"href":"http:\/\/sonika.sk\/index.php?rest_route=%2Fwp%2Fv2%2Fmedia&parent=913"}],"curies":[{"name":"wp","href":"https:\/\/api.w.org\/{rel}","templated":true}]}}