{"id":1584,"date":"2024-03-07T17:33:00","date_gmt":"2024-03-07T16:33:00","guid":{"rendered":"http:\/\/sonika.sk\/?page_id=1584"},"modified":"2024-03-20T19:29:14","modified_gmt":"2024-03-20T18:29:14","slug":"parove-fotografie","status":"publish","type":"page","link":"http:\/\/sonika.sk\/?page_id=1584","title":{"rendered":"P\u00e1rov\u00e9 fotografie"},"content":{"rendered":"<p>[vc_row][vc_column][vc_column_text]<img loading=\"lazy\" class=\"size-full wp-image-1720\" src=\"http:\/\/sonika.sk\/wp-content\/uploads\/2024\/03\/DSC_0294-1-scaled.jpg\" alt=\"\" width=\"2560\" height=\"1709\" srcset=\"http:\/\/sonika.sk\/wp-content\/uploads\/2024\/03\/DSC_0294-1-scaled.jpg 2560w, http:\/\/sonika.sk\/wp-content\/uploads\/2024\/03\/DSC_0294-1-300x200.jpg 300w, http:\/\/sonika.sk\/wp-content\/uploads\/2024\/03\/DSC_0294-1-1024x684.jpg 1024w, http:\/\/sonika.sk\/wp-content\/uploads\/2024\/03\/DSC_0294-1-768x513.jpg 768w, http:\/\/sonika.sk\/wp-content\/uploads\/2024\/03\/DSC_0294-1-1536x1025.jpg 1536w, http:\/\/sonika.sk\/wp-content\/uploads\/2024\/03\/DSC_0294-1-2048x1367.jpg 2048w\" sizes=\"(max-width: 2560px) 100vw, 2560px\" \/><img loading=\"lazy\" class=\"alignnone size-full wp-image-1715\" src=\"http:\/\/sonika.sk\/wp-content\/uploads\/2024\/03\/DSC_0074-1-scaled.jpg\" alt=\"\" width=\"2560\" height=\"1709\" srcset=\"http:\/\/sonika.sk\/wp-content\/uploads\/2024\/03\/DSC_0074-1-scaled.jpg 2560w, http:\/\/sonika.sk\/wp-content\/uploads\/2024\/03\/DSC_0074-1-300x200.jpg 300w, http:\/\/sonika.sk\/wp-content\/uploads\/2024\/03\/DSC_0074-1-1024x684.jpg 1024w, http:\/\/sonika.sk\/wp-content\/uploads\/2024\/03\/DSC_0074-1-768x513.jpg 768w, http:\/\/sonika.sk\/wp-content\/uploads\/2024\/03\/DSC_0074-1-1536x1025.jpg 1536w, http:\/\/sonika.sk\/wp-content\/uploads\/2024\/03\/DSC_0074-1-2048x1367.jpg 2048w\" sizes=\"(max-width: 2560px) 100vw, 2560px\" \/><img loading=\"lazy\" class=\"alignnone size-full wp-image-1717\" src=\"http:\/\/sonika.sk\/wp-content\/uploads\/2024\/03\/DSC_0134-1-scaled.jpg\" alt=\"\" width=\"1709\" height=\"2560\" srcset=\"http:\/\/sonika.sk\/wp-content\/uploads\/2024\/03\/DSC_0134-1-scaled.jpg 1709w, http:\/\/sonika.sk\/wp-content\/uploads\/2024\/03\/DSC_0134-1-200x300.jpg 200w, http:\/\/sonika.sk\/wp-content\/uploads\/2024\/03\/DSC_0134-1-684x1024.jpg 684w, http:\/\/sonika.sk\/wp-content\/uploads\/2024\/03\/DSC_0134-1-768x1150.jpg 768w, http:\/\/sonika.sk\/wp-content\/uploads\/2024\/03\/DSC_0134-1-1025x1536.jpg 1025w, http:\/\/sonika.sk\/wp-content\/uploads\/2024\/03\/DSC_0134-1-1367x2048.jpg 1367w\" sizes=\"(max-width: 1709px) 100vw, 1709px\" \/><img loading=\"lazy\" class=\"alignnone size-full wp-image-1718\" src=\"http:\/\/sonika.sk\/wp-content\/uploads\/2024\/03\/DSC_00191-2-scaled.jpg\" alt=\"\" width=\"2560\" height=\"1709\" srcset=\"http:\/\/sonika.sk\/wp-content\/uploads\/2024\/03\/DSC_00191-2-scaled.jpg 2560w, http:\/\/sonika.sk\/wp-content\/uploads\/2024\/03\/DSC_00191-2-300x200.jpg 300w, http:\/\/sonika.sk\/wp-content\/uploads\/2024\/03\/DSC_00191-2-1024x684.jpg 1024w, http:\/\/sonika.sk\/wp-content\/uploads\/2024\/03\/DSC_00191-2-768x513.jpg 768w, http:\/\/sonika.sk\/wp-content\/uploads\/2024\/03\/DSC_00191-2-1536x1025.jpg 1536w, http:\/\/sonika.sk\/wp-content\/uploads\/2024\/03\/DSC_00191-2-2048x1367.jpg 2048w\" sizes=\"(max-width: 2560px) 100vw, 2560px\" \/><img loading=\"lazy\" class=\"alignnone size-full wp-image-1719\" src=\"http:\/\/sonika.sk\/wp-content\/uploads\/2024\/03\/DSC_0239-1-scaled.jpg\" alt=\"\" width=\"2560\" height=\"1709\" srcset=\"http:\/\/sonika.sk\/wp-content\/uploads\/2024\/03\/DSC_0239-1-scaled.jpg 2560w, http:\/\/sonika.sk\/wp-content\/uploads\/2024\/03\/DSC_0239-1-300x200.jpg 300w, http:\/\/sonika.sk\/wp-content\/uploads\/2024\/03\/DSC_0239-1-1024x684.jpg 1024w, http:\/\/sonika.sk\/wp-content\/uploads\/2024\/03\/DSC_0239-1-768x513.jpg 768w, http:\/\/sonika.sk\/wp-content\/uploads\/2024\/03\/DSC_0239-1-1536x1025.jpg 1536w, http:\/\/sonika.sk\/wp-content\/uploads\/2024\/03\/DSC_0239-1-2048x1367.jpg 2048w\" sizes=\"(max-width: 2560px) 100vw, 2560px\" \/><\/p>\n<p>&nbsp;<img loading=\"lazy\" class=\"alignnone size-full wp-image-1735\" src=\"http:\/\/sonika.sk\/wp-content\/uploads\/2024\/03\/DSC_0098-1-scaled.jpg\" alt=\"\" width=\"1709\" height=\"2560\" srcset=\"http:\/\/sonika.sk\/wp-content\/uploads\/2024\/03\/DSC_0098-1-scaled.jpg 1709w, http:\/\/sonika.sk\/wp-content\/uploads\/2024\/03\/DSC_0098-1-200x300.jpg 200w, http:\/\/sonika.sk\/wp-content\/uploads\/2024\/03\/DSC_0098-1-684x1024.jpg 684w, http:\/\/sonika.sk\/wp-content\/uploads\/2024\/03\/DSC_0098-1-768x1150.jpg 768w, http:\/\/sonika.sk\/wp-content\/uploads\/2024\/03\/DSC_0098-1-1025x1536.jpg 1025w, http:\/\/sonika.sk\/wp-content\/uploads\/2024\/03\/DSC_0098-1-1367x2048.jpg 1367w\" sizes=\"(max-width: 1709px) 100vw, 1709px\" \/><img loading=\"lazy\" class=\"alignnone size-full wp-image-1736\" src=\"http:\/\/sonika.sk\/wp-content\/uploads\/2024\/03\/DSC_0364-2-scaled.jpg\" alt=\"\" width=\"1709\" height=\"2560\" srcset=\"http:\/\/sonika.sk\/wp-content\/uploads\/2024\/03\/DSC_0364-2-scaled.jpg 1709w, http:\/\/sonika.sk\/wp-content\/uploads\/2024\/03\/DSC_0364-2-200x300.jpg 200w, http:\/\/sonika.sk\/wp-content\/uploads\/2024\/03\/DSC_0364-2-684x1024.jpg 684w, http:\/\/sonika.sk\/wp-content\/uploads\/2024\/03\/DSC_0364-2-768x1150.jpg 768w, http:\/\/sonika.sk\/wp-content\/uploads\/2024\/03\/DSC_0364-2-1025x1536.jpg 1025w, http:\/\/sonika.sk\/wp-content\/uploads\/2024\/03\/DSC_0364-2-1367x2048.jpg 1367w\" sizes=\"(max-width: 1709px) 100vw, 1709px\" \/><\/p>\n<p><img loading=\"lazy\" class=\"alignnone size-full wp-image-1722\" src=\"http:\/\/sonika.sk\/wp-content\/uploads\/2024\/03\/DSC_0328-1-scaled.jpg\" alt=\"\" width=\"1709\" height=\"2560\" srcset=\"http:\/\/sonika.sk\/wp-content\/uploads\/2024\/03\/DSC_0328-1-scaled.jpg 1709w, http:\/\/sonika.sk\/wp-content\/uploads\/2024\/03\/DSC_0328-1-200x300.jpg 200w, http:\/\/sonika.sk\/wp-content\/uploads\/2024\/03\/DSC_0328-1-684x1024.jpg 684w, http:\/\/sonika.sk\/wp-content\/uploads\/2024\/03\/DSC_0328-1-768x1150.jpg 768w, http:\/\/sonika.sk\/wp-content\/uploads\/2024\/03\/DSC_0328-1-1025x1536.jpg 1025w, http:\/\/sonika.sk\/wp-content\/uploads\/2024\/03\/DSC_0328-1-1367x2048.jpg 1367w\" sizes=\"(max-width: 1709px) 100vw, 1709px\" \/><\/p>\n<p><img loading=\"lazy\" class=\"alignnone size-full wp-image-1702\" src=\"http:\/\/sonika.sk\/wp-content\/uploads\/2024\/03\/DSC_0046-2-scaled.jpg\" alt=\"\" width=\"2560\" height=\"1709\" srcset=\"http:\/\/sonika.sk\/wp-content\/uploads\/2024\/03\/DSC_0046-2-scaled.jpg 2560w, http:\/\/sonika.sk\/wp-content\/uploads\/2024\/03\/DSC_0046-2-300x200.jpg 300w, http:\/\/sonika.sk\/wp-content\/uploads\/2024\/03\/DSC_0046-2-1024x684.jpg 1024w, http:\/\/sonika.sk\/wp-content\/uploads\/2024\/03\/DSC_0046-2-768x513.jpg 768w, http:\/\/sonika.sk\/wp-content\/uploads\/2024\/03\/DSC_0046-2-1536x1025.jpg 1536w, http:\/\/sonika.sk\/wp-content\/uploads\/2024\/03\/DSC_0046-2-2048x1367.jpg 2048w\" sizes=\"(max-width: 2560px) 100vw, 2560px\" \/> <img loading=\"lazy\" class=\"alignnone size-full wp-image-1708\" src=\"http:\/\/sonika.sk\/wp-content\/uploads\/2024\/03\/DSC_0451-scaled.jpg\" alt=\"\" width=\"1709\" height=\"2560\" srcset=\"http:\/\/sonika.sk\/wp-content\/uploads\/2024\/03\/DSC_0451-scaled.jpg 1709w, http:\/\/sonika.sk\/wp-content\/uploads\/2024\/03\/DSC_0451-200x300.jpg 200w, http:\/\/sonika.sk\/wp-content\/uploads\/2024\/03\/DSC_0451-684x1024.jpg 684w, http:\/\/sonika.sk\/wp-content\/uploads\/2024\/03\/DSC_0451-768x1150.jpg 768w, http:\/\/sonika.sk\/wp-content\/uploads\/2024\/03\/DSC_0451-1025x1536.jpg 1025w, http:\/\/sonika.sk\/wp-content\/uploads\/2024\/03\/DSC_0451-1367x2048.jpg 1367w\" sizes=\"(max-width: 1709px) 100vw, 1709px\" \/><img loading=\"lazy\" class=\"alignnone size-full wp-image-1710\" src=\"http:\/\/sonika.sk\/wp-content\/uploads\/2024\/03\/DSC_0544-scaled.jpg\" alt=\"\" width=\"1709\" height=\"2560\" srcset=\"http:\/\/sonika.sk\/wp-content\/uploads\/2024\/03\/DSC_0544-scaled.jpg 1709w, http:\/\/sonika.sk\/wp-content\/uploads\/2024\/03\/DSC_0544-200x300.jpg 200w, http:\/\/sonika.sk\/wp-content\/uploads\/2024\/03\/DSC_0544-684x1024.jpg 684w, http:\/\/sonika.sk\/wp-content\/uploads\/2024\/03\/DSC_0544-768x1150.jpg 768w, http:\/\/sonika.sk\/wp-content\/uploads\/2024\/03\/DSC_0544-1026x1536.jpg 1026w, http:\/\/sonika.sk\/wp-content\/uploads\/2024\/03\/DSC_0544-1367x2048.jpg 1367w\" sizes=\"(max-width: 1709px) 100vw, 1709px\" \/><img loading=\"lazy\" class=\"alignnone size-full wp-image-1711\" src=\"http:\/\/sonika.sk\/wp-content\/uploads\/2024\/03\/DSC_3657-scaled.jpg\" alt=\"\" width=\"2560\" height=\"1707\" srcset=\"http:\/\/sonika.sk\/wp-content\/uploads\/2024\/03\/DSC_3657-scaled.jpg 2560w, http:\/\/sonika.sk\/wp-content\/uploads\/2024\/03\/DSC_3657-300x200.jpg 300w, http:\/\/sonika.sk\/wp-content\/uploads\/2024\/03\/DSC_3657-1024x683.jpg 1024w, http:\/\/sonika.sk\/wp-content\/uploads\/2024\/03\/DSC_3657-768x512.jpg 768w, http:\/\/sonika.sk\/wp-content\/uploads\/2024\/03\/DSC_3657-1536x1024.jpg 1536w, http:\/\/sonika.sk\/wp-content\/uploads\/2024\/03\/DSC_3657-2048x1365.jpg 2048w\" sizes=\"(max-width: 2560px) 100vw, 2560px\" \/> <img loading=\"lazy\" class=\"alignnone size-full wp-image-1136\" src=\"http:\/\/sonika.sk\/wp-content\/uploads\/2022\/05\/svadobny-fotograf-1.jpg\" alt=\"\" width=\"2500\" height=\"1667\" srcset=\"http:\/\/sonika.sk\/wp-content\/uploads\/2022\/05\/svadobny-fotograf-1.jpg 2500w, http:\/\/sonika.sk\/wp-content\/uploads\/2022\/05\/svadobny-fotograf-1-300x200.jpg 300w, http:\/\/sonika.sk\/wp-content\/uploads\/2022\/05\/svadobny-fotograf-1-1024x683.jpg 1024w, http:\/\/sonika.sk\/wp-content\/uploads\/2022\/05\/svadobny-fotograf-1-768x512.jpg 768w, http:\/\/sonika.sk\/wp-content\/uploads\/2022\/05\/svadobny-fotograf-1-1536x1024.jpg 1536w, http:\/\/sonika.sk\/wp-content\/uploads\/2022\/05\/svadobny-fotograf-1-2048x1366.jpg 2048w\" sizes=\"(max-width: 2500px) 100vw, 2500px\" \/> <img loading=\"lazy\" class=\"alignnone size-full wp-image-1122\" src=\"http:\/\/sonika.sk\/wp-content\/uploads\/2022\/05\/svadobny-fotograf-14-1-scaled.jpg\" alt=\"\" width=\"1709\" height=\"2560\" srcset=\"http:\/\/sonika.sk\/wp-content\/uploads\/2022\/05\/svadobny-fotograf-14-1-scaled.jpg 1709w, http:\/\/sonika.sk\/wp-content\/uploads\/2022\/05\/svadobny-fotograf-14-1-200x300.jpg 200w, http:\/\/sonika.sk\/wp-content\/uploads\/2022\/05\/svadobny-fotograf-14-1-684x1024.jpg 684w, http:\/\/sonika.sk\/wp-content\/uploads\/2022\/05\/svadobny-fotograf-14-1-768x1150.jpg 768w, http:\/\/sonika.sk\/wp-content\/uploads\/2022\/05\/svadobny-fotograf-14-1-1026x1536.jpg 1026w, http:\/\/sonika.sk\/wp-content\/uploads\/2022\/05\/svadobny-fotograf-14-1-1367x2048.jpg 1367w\" sizes=\"(max-width: 1709px) 100vw, 1709px\" \/><img loading=\"lazy\" class=\"alignnone size-full wp-image-1156\" src=\"http:\/\/sonika.sk\/wp-content\/uploads\/2022\/05\/svadobny-fotograf-26-1-scaled.jpg\" alt=\"\" width=\"2560\" height=\"1709\" srcset=\"http:\/\/sonika.sk\/wp-content\/uploads\/2022\/05\/svadobny-fotograf-26-1-scaled.jpg 2560w, http:\/\/sonika.sk\/wp-content\/uploads\/2022\/05\/svadobny-fotograf-26-1-300x200.jpg 300w, http:\/\/sonika.sk\/wp-content\/uploads\/2022\/05\/svadobny-fotograf-26-1-1024x684.jpg 1024w, http:\/\/sonika.sk\/wp-content\/uploads\/2022\/05\/svadobny-fotograf-26-1-768x513.jpg 768w, http:\/\/sonika.sk\/wp-content\/uploads\/2022\/05\/svadobny-fotograf-26-1-1536x1026.jpg 1536w, http:\/\/sonika.sk\/wp-content\/uploads\/2022\/05\/svadobny-fotograf-26-1-2048x1367.jpg 2048w\" sizes=\"(max-width: 2560px) 100vw, 2560px\" \/> <img loading=\"lazy\" class=\"alignnone size-full wp-image-1106\" src=\"http:\/\/sonika.sk\/wp-content\/uploads\/2022\/05\/DSC_1094.jpg\" alt=\"\" width=\"1500\" height=\"1001\" srcset=\"http:\/\/sonika.sk\/wp-content\/uploads\/2022\/05\/DSC_1094.jpg 1500w, http:\/\/sonika.sk\/wp-content\/uploads\/2022\/05\/DSC_1094-300x200.jpg 300w, http:\/\/sonika.sk\/wp-content\/uploads\/2022\/05\/DSC_1094-1024x683.jpg 1024w, http:\/\/sonika.sk\/wp-content\/uploads\/2022\/05\/DSC_1094-768x513.jpg 768w\" sizes=\"(max-width: 1500px) 100vw, 1500px\" \/><img loading=\"lazy\" class=\"alignnone size-full wp-image-1100\" src=\"http:\/\/sonika.sk\/wp-content\/uploads\/2022\/05\/svadobny-fotograf-11-scaled.jpg\" alt=\"\" width=\"2560\" height=\"1707\" srcset=\"http:\/\/sonika.sk\/wp-content\/uploads\/2022\/05\/svadobny-fotograf-11-scaled.jpg 2560w, http:\/\/sonika.sk\/wp-content\/uploads\/2022\/05\/svadobny-fotograf-11-300x200.jpg 300w, http:\/\/sonika.sk\/wp-content\/uploads\/2022\/05\/svadobny-fotograf-11-1024x683.jpg 1024w, http:\/\/sonika.sk\/wp-content\/uploads\/2022\/05\/svadobny-fotograf-11-768x512.jpg 768w, http:\/\/sonika.sk\/wp-content\/uploads\/2022\/05\/svadobny-fotograf-11-1536x1024.jpg 1536w, http:\/\/sonika.sk\/wp-content\/uploads\/2022\/05\/svadobny-fotograf-11-2048x1365.jpg 2048w\" sizes=\"(max-width: 2560px) 100vw, 2560px\" \/><img loading=\"lazy\" class=\"alignnone size-full wp-image-1083\" src=\"http:\/\/sonika.sk\/wp-content\/uploads\/2022\/05\/svadobny-fotograf-4-scaled.jpg\" alt=\"\" width=\"1709\" height=\"2560\" srcset=\"http:\/\/sonika.sk\/wp-content\/uploads\/2022\/05\/svadobny-fotograf-4-scaled.jpg 1709w, http:\/\/sonika.sk\/wp-content\/uploads\/2022\/05\/svadobny-fotograf-4-200x300.jpg 200w, http:\/\/sonika.sk\/wp-content\/uploads\/2022\/05\/svadobny-fotograf-4-684x1024.jpg 684w, http:\/\/sonika.sk\/wp-content\/uploads\/2022\/05\/svadobny-fotograf-4-768x1150.jpg 768w, http:\/\/sonika.sk\/wp-content\/uploads\/2022\/05\/svadobny-fotograf-4-1026x1536.jpg 1026w, http:\/\/sonika.sk\/wp-content\/uploads\/2022\/05\/svadobny-fotograf-4-1367x2048.jpg 1367w\" sizes=\"(max-width: 1709px) 100vw, 1709px\" \/>[\/vc_column_text][\/vc_column][\/vc_row]<\/p>\n","protected":false},"excerpt":{"rendered":"<p>[vc_row][vc_column][vc_column_text] &nbsp; [\/vc_column_text][\/vc_column][\/vc_row]<\/p>\n","protected":false},"author":2,"featured_media":0,"parent":0,"menu_order":0,"comment_status":"closed","ping_status":"closed","template":"","meta":{"_mi_skip_tracking":false,"ngg_post_thumbnail":0},"yoast_head":"<!-- This site is optimized with the Yoast SEO plugin v18.8 - https:\/\/yoast.com\/wordpress\/plugins\/seo\/ -->\n<title>P\u00e1rov\u00e9 fotografie - So\u0148a Kab\u00e1tov\u00e1 - SONIKA<\/title>\n<meta name=\"robots\" content=\"index, follow, max-snippet:-1, max-image-preview:large, max-video-preview:-1\" \/>\n<link rel=\"canonical\" href=\"https:\/\/sonika.sk\/?page_id=1584\" \/>\n<meta property=\"og:locale\" content=\"sk_SK\" \/>\n<meta property=\"og:type\" content=\"article\" \/>\n<meta property=\"og:title\" content=\"P\u00e1rov\u00e9 fotografie - So\u0148a Kab\u00e1tov\u00e1 - SONIKA\" \/>\n<meta property=\"og:description\" content=\"[vc_row][vc_column][vc_column_text] &nbsp; [\/vc_column_text][\/vc_column][\/vc_row]\" \/>\n<meta property=\"og:url\" content=\"https:\/\/sonika.sk\/?page_id=1584\" \/>\n<meta property=\"og:site_name\" content=\"So\u0148a Kab\u00e1tov\u00e1 - SONIKA\" \/>\n<meta property=\"article:modified_time\" content=\"2024-03-20T18:29:14+00:00\" \/>\n<meta property=\"og:image\" content=\"http:\/\/sonika.sk\/wp-content\/uploads\/2024\/03\/DSC_0294-1-scaled.jpg\" \/>\n<meta name=\"twitter:card\" content=\"summary_large_image\" \/>\n<script type=\"application\/ld+json\" class=\"yoast-schema-graph\">{\"@context\":\"https:\/\/schema.org\",\"@graph\":[{\"@type\":[\"Person\",\"Organization\"],\"@id\":\"http:\/\/sonika.sk\/#\/schema\/person\/af4af21d3691d05680030cceaf0d8485\",\"name\":\"So\u0148a Kab\u00e1tov\u00e1\",\"image\":{\"@type\":\"ImageObject\",\"inLanguage\":\"sk-SK\",\"@id\":\"http:\/\/sonika.sk\/#\/schema\/person\/image\/\",\"url\":\"http:\/\/1.gravatar.com\/avatar\/767bac3a677d8299a707cfeb0a56a270?s=96&d=mm&r=g\",\"contentUrl\":\"http:\/\/1.gravatar.com\/avatar\/767bac3a677d8299a707cfeb0a56a270?s=96&d=mm&r=g\",\"caption\":\"So\u0148a Kab\u00e1tov\u00e1\"},\"logo\":{\"@id\":\"http:\/\/sonika.sk\/#\/schema\/person\/image\/\"}},{\"@type\":\"WebSite\",\"@id\":\"http:\/\/sonika.sk\/#website\",\"url\":\"http:\/\/sonika.sk\/\",\"name\":\"So\u0148a Kab\u00e1tov\u00e1 - SONIKA\",\"description\":\"SVADOBN\u00c1, RODINN\u00c1 A NOVORODENECK\u00c1 FOTOGRAFKA\",\"publisher\":{\"@id\":\"http:\/\/sonika.sk\/#\/schema\/person\/af4af21d3691d05680030cceaf0d8485\"},\"potentialAction\":[{\"@type\":\"SearchAction\",\"target\":{\"@type\":\"EntryPoint\",\"urlTemplate\":\"http:\/\/sonika.sk\/?s={search_term_string}\"},\"query-input\":\"required name=search_term_string\"}],\"inLanguage\":\"sk-SK\"},{\"@type\":\"ImageObject\",\"inLanguage\":\"sk-SK\",\"@id\":\"https:\/\/sonika.sk\/?page_id=1584#primaryimage\",\"url\":\"http:\/\/sonika.sk\/wp-content\/uploads\/2024\/03\/DSC_0294-1-scaled.jpg\",\"contentUrl\":\"http:\/\/sonika.sk\/wp-content\/uploads\/2024\/03\/DSC_0294-1-scaled.jpg\",\"width\":2560,\"height\":1709,\"caption\":\"\u00dc\u0093\u00a2\u00df%H&lt;\u0098\u0092\u00e4=z\u00e7y\"},{\"@type\":\"WebPage\",\"@id\":\"https:\/\/sonika.sk\/?page_id=1584#webpage\",\"url\":\"https:\/\/sonika.sk\/?page_id=1584\",\"name\":\"P\u00e1rov\u00e9 fotografie - So\u0148a Kab\u00e1tov\u00e1 - SONIKA\",\"isPartOf\":{\"@id\":\"http:\/\/sonika.sk\/#website\"},\"primaryImageOfPage\":{\"@id\":\"https:\/\/sonika.sk\/?page_id=1584#primaryimage\"},\"datePublished\":\"2024-03-07T16:33:00+00:00\",\"dateModified\":\"2024-03-20T18:29:14+00:00\",\"breadcrumb\":{\"@id\":\"https:\/\/sonika.sk\/?page_id=1584#breadcrumb\"},\"inLanguage\":\"sk-SK\",\"potentialAction\":[{\"@type\":\"ReadAction\",\"target\":[\"https:\/\/sonika.sk\/?page_id=1584\"]}]},{\"@type\":\"BreadcrumbList\",\"@id\":\"https:\/\/sonika.sk\/?page_id=1584#breadcrumb\",\"itemListElement\":[{\"@type\":\"ListItem\",\"position\":1,\"name\":\"Home\",\"item\":\"http:\/\/sonika.sk\/\"},{\"@type\":\"ListItem\",\"position\":2,\"name\":\"P\u00e1rov\u00e9 fotografie\"}]}]}<\/script>\n<!-- \/ Yoast SEO plugin. -->","yoast_head_json":{"title":"P\u00e1rov\u00e9 fotografie - So\u0148a Kab\u00e1tov\u00e1 - SONIKA","robots":{"index":"index","follow":"follow","max-snippet":"max-snippet:-1","max-image-preview":"max-image-preview:large","max-video-preview":"max-video-preview:-1"},"canonical":"https:\/\/sonika.sk\/?page_id=1584","og_locale":"sk_SK","og_type":"article","og_title":"P\u00e1rov\u00e9 fotografie - So\u0148a Kab\u00e1tov\u00e1 - SONIKA","og_description":"[vc_row][vc_column][vc_column_text] &nbsp; [\/vc_column_text][\/vc_column][\/vc_row]","og_url":"https:\/\/sonika.sk\/?page_id=1584","og_site_name":"So\u0148a Kab\u00e1tov\u00e1 - SONIKA","article_modified_time":"2024-03-20T18:29:14+00:00","og_image":[{"url":"http:\/\/sonika.sk\/wp-content\/uploads\/2024\/03\/DSC_0294-1-scaled.jpg"}],"twitter_card":"summary_large_image","schema":{"@context":"https:\/\/schema.org","@graph":[{"@type":["Person","Organization"],"@id":"http:\/\/sonika.sk\/#\/schema\/person\/af4af21d3691d05680030cceaf0d8485","name":"So\u0148a Kab\u00e1tov\u00e1","image":{"@type":"ImageObject","inLanguage":"sk-SK","@id":"http:\/\/sonika.sk\/#\/schema\/person\/image\/","url":"http:\/\/1.gravatar.com\/avatar\/767bac3a677d8299a707cfeb0a56a270?s=96&d=mm&r=g","contentUrl":"http:\/\/1.gravatar.com\/avatar\/767bac3a677d8299a707cfeb0a56a270?s=96&d=mm&r=g","caption":"So\u0148a Kab\u00e1tov\u00e1"},"logo":{"@id":"http:\/\/sonika.sk\/#\/schema\/person\/image\/"}},{"@type":"WebSite","@id":"http:\/\/sonika.sk\/#website","url":"http:\/\/sonika.sk\/","name":"So\u0148a Kab\u00e1tov\u00e1 - SONIKA","description":"SVADOBN\u00c1, RODINN\u00c1 A NOVORODENECK\u00c1 FOTOGRAFKA","publisher":{"@id":"http:\/\/sonika.sk\/#\/schema\/person\/af4af21d3691d05680030cceaf0d8485"},"potentialAction":[{"@type":"SearchAction","target":{"@type":"EntryPoint","urlTemplate":"http:\/\/sonika.sk\/?s={search_term_string}"},"query-input":"required name=search_term_string"}],"inLanguage":"sk-SK"},{"@type":"ImageObject","inLanguage":"sk-SK","@id":"https:\/\/sonika.sk\/?page_id=1584#primaryimage","url":"http:\/\/sonika.sk\/wp-content\/uploads\/2024\/03\/DSC_0294-1-scaled.jpg","contentUrl":"http:\/\/sonika.sk\/wp-content\/uploads\/2024\/03\/DSC_0294-1-scaled.jpg","width":2560,"height":1709,"caption":"\u00dc\u0093\u00a2\u00df%H&lt;\u0098\u0092\u00e4=z\u00e7y"},{"@type":"WebPage","@id":"https:\/\/sonika.sk\/?page_id=1584#webpage","url":"https:\/\/sonika.sk\/?page_id=1584","name":"P\u00e1rov\u00e9 fotografie - So\u0148a Kab\u00e1tov\u00e1 - SONIKA","isPartOf":{"@id":"http:\/\/sonika.sk\/#website"},"primaryImageOfPage":{"@id":"https:\/\/sonika.sk\/?page_id=1584#primaryimage"},"datePublished":"2024-03-07T16:33:00+00:00","dateModified":"2024-03-20T18:29:14+00:00","breadcrumb":{"@id":"https:\/\/sonika.sk\/?page_id=1584#breadcrumb"},"inLanguage":"sk-SK","potentialAction":[{"@type":"ReadAction","target":["https:\/\/sonika.sk\/?page_id=1584"]}]},{"@type":"BreadcrumbList","@id":"https:\/\/sonika.sk\/?page_id=1584#breadcrumb","itemListElement":[{"@type":"ListItem","position":1,"name":"Home","item":"http:\/\/sonika.sk\/"},{"@type":"ListItem","position":2,"name":"P\u00e1rov\u00e9 fotografie"}]}]}},"_links":{"self":[{"href":"http:\/\/sonika.sk\/index.php?rest_route=\/wp\/v2\/pages\/1584"}],"collection":[{"href":"http:\/\/sonika.sk\/index.php?rest_route=\/wp\/v2\/pages"}],"about":[{"href":"http:\/\/sonika.sk\/index.php?rest_route=\/wp\/v2\/types\/page"}],"author":[{"embeddable":true,"href":"http:\/\/sonika.sk\/index.php?rest_route=\/wp\/v2\/users\/2"}],"replies":[{"embeddable":true,"href":"http:\/\/sonika.sk\/index.php?rest_route=%2Fwp%2Fv2%2Fcomments&post=1584"}],"version-history":[{"count":6,"href":"http:\/\/sonika.sk\/index.php?rest_route=\/wp\/v2\/pages\/1584\/revisions"}],"predecessor-version":[{"id":1745,"href":"http:\/\/sonika.sk\/index.php?rest_route=\/wp\/v2\/pages\/1584\/revisions\/1745"}],"wp:attachment":[{"href":"http:\/\/sonika.sk\/index.php?rest_route=%2Fwp%2Fv2%2Fmedia&parent=1584"}],"curies":[{"name":"wp","href":"https:\/\/api.w.org\/{rel}","templated":true}]}}