{"id":1551,"date":"2024-03-07T14:54:44","date_gmt":"2024-03-07T13:54:44","guid":{"rendered":"http:\/\/sonika.sk\/?page_id=1551"},"modified":"2024-03-07T14:54:44","modified_gmt":"2024-03-07T13:54:44","slug":"tehotenske","status":"publish","type":"page","link":"http:\/\/sonika.sk\/?page_id=1551","title":{"rendered":"Tehotensk\u00e9"},"content":{"rendered":"","protected":false},"excerpt":{"rendered":"","protected":false},"author":2,"featured_media":0,"parent":0,"menu_order":0,"comment_status":"closed","ping_status":"closed","template":"","meta":{"_mi_skip_tracking":false,"ngg_post_thumbnail":0},"yoast_head":"<!-- This site is optimized with the Yoast SEO plugin v18.8 - https:\/\/yoast.com\/wordpress\/plugins\/seo\/ -->\n<title>Tehotensk\u00e9 - So\u0148a Kab\u00e1tov\u00e1 - SONIKA<\/title>\n<meta name=\"robots\" content=\"index, follow, max-snippet:-1, max-image-preview:large, max-video-preview:-1\" \/>\n<link rel=\"canonical\" href=\"https:\/\/sonika.sk\/?page_id=1551\" \/>\n<meta property=\"og:locale\" content=\"sk_SK\" \/>\n<meta property=\"og:type\" content=\"article\" \/>\n<meta property=\"og:title\" content=\"Tehotensk\u00e9 - So\u0148a Kab\u00e1tov\u00e1 - SONIKA\" \/>\n<meta property=\"og:url\" content=\"https:\/\/sonika.sk\/?page_id=1551\" \/>\n<meta property=\"og:site_name\" content=\"So\u0148a Kab\u00e1tov\u00e1 - SONIKA\" \/>\n<meta name=\"twitter:card\" content=\"summary_large_image\" \/>\n<script type=\"application\/ld+json\" class=\"yoast-schema-graph\">{\"@context\":\"https:\/\/schema.org\",\"@graph\":[{\"@type\":[\"Person\",\"Organization\"],\"@id\":\"http:\/\/sonika.sk\/#\/schema\/person\/af4af21d3691d05680030cceaf0d8485\",\"name\":\"So\u0148a Kab\u00e1tov\u00e1\",\"image\":{\"@type\":\"ImageObject\",\"inLanguage\":\"sk-SK\",\"@id\":\"http:\/\/sonika.sk\/#\/schema\/person\/image\/\",\"url\":\"http:\/\/1.gravatar.com\/avatar\/767bac3a677d8299a707cfeb0a56a270?s=96&d=mm&r=g\",\"contentUrl\":\"http:\/\/1.gravatar.com\/avatar\/767bac3a677d8299a707cfeb0a56a270?s=96&d=mm&r=g\",\"caption\":\"So\u0148a Kab\u00e1tov\u00e1\"},\"logo\":{\"@id\":\"http:\/\/sonika.sk\/#\/schema\/person\/image\/\"}},{\"@type\":\"WebSite\",\"@id\":\"http:\/\/sonika.sk\/#website\",\"url\":\"http:\/\/sonika.sk\/\",\"name\":\"So\u0148a Kab\u00e1tov\u00e1 - SONIKA\",\"description\":\"SVADOBN\u00c1, RODINN\u00c1 A NOVORODENECK\u00c1 FOTOGRAFKA\",\"publisher\":{\"@id\":\"http:\/\/sonika.sk\/#\/schema\/person\/af4af21d3691d05680030cceaf0d8485\"},\"potentialAction\":[{\"@type\":\"SearchAction\",\"target\":{\"@type\":\"EntryPoint\",\"urlTemplate\":\"http:\/\/sonika.sk\/?s={search_term_string}\"},\"query-input\":\"required name=search_term_string\"}],\"inLanguage\":\"sk-SK\"},{\"@type\":\"WebPage\",\"@id\":\"https:\/\/sonika.sk\/?page_id=1551#webpage\",\"url\":\"https:\/\/sonika.sk\/?page_id=1551\",\"name\":\"Tehotensk\u00e9 - So\u0148a Kab\u00e1tov\u00e1 - SONIKA\",\"isPartOf\":{\"@id\":\"http:\/\/sonika.sk\/#website\"},\"datePublished\":\"2024-03-07T13:54:44+00:00\",\"dateModified\":\"2024-03-07T13:54:44+00:00\",\"breadcrumb\":{\"@id\":\"https:\/\/sonika.sk\/?page_id=1551#breadcrumb\"},\"inLanguage\":\"sk-SK\",\"potentialAction\":[{\"@type\":\"ReadAction\",\"target\":[\"https:\/\/sonika.sk\/?page_id=1551\"]}]},{\"@type\":\"BreadcrumbList\",\"@id\":\"https:\/\/sonika.sk\/?page_id=1551#breadcrumb\",\"itemListElement\":[{\"@type\":\"ListItem\",\"position\":1,\"name\":\"Home\",\"item\":\"http:\/\/sonika.sk\/\"},{\"@type\":\"ListItem\",\"position\":2,\"name\":\"Tehotensk\u00e9\"}]}]}<\/script>\n<!-- \/ Yoast SEO plugin. -->","yoast_head_json":{"title":"Tehotensk\u00e9 - So\u0148a Kab\u00e1tov\u00e1 - SONIKA","robots":{"index":"index","follow":"follow","max-snippet":"max-snippet:-1","max-image-preview":"max-image-preview:large","max-video-preview":"max-video-preview:-1"},"canonical":"https:\/\/sonika.sk\/?page_id=1551","og_locale":"sk_SK","og_type":"article","og_title":"Tehotensk\u00e9 - So\u0148a Kab\u00e1tov\u00e1 - SONIKA","og_url":"https:\/\/sonika.sk\/?page_id=1551","og_site_name":"So\u0148a Kab\u00e1tov\u00e1 - SONIKA","twitter_card":"summary_large_image","schema":{"@context":"https:\/\/schema.org","@graph":[{"@type":["Person","Organization"],"@id":"http:\/\/sonika.sk\/#\/schema\/person\/af4af21d3691d05680030cceaf0d8485","name":"So\u0148a Kab\u00e1tov\u00e1","image":{"@type":"ImageObject","inLanguage":"sk-SK","@id":"http:\/\/sonika.sk\/#\/schema\/person\/image\/","url":"http:\/\/1.gravatar.com\/avatar\/767bac3a677d8299a707cfeb0a56a270?s=96&d=mm&r=g","contentUrl":"http:\/\/1.gravatar.com\/avatar\/767bac3a677d8299a707cfeb0a56a270?s=96&d=mm&r=g","caption":"So\u0148a Kab\u00e1tov\u00e1"},"logo":{"@id":"http:\/\/sonika.sk\/#\/schema\/person\/image\/"}},{"@type":"WebSite","@id":"http:\/\/sonika.sk\/#website","url":"http:\/\/sonika.sk\/","name":"So\u0148a Kab\u00e1tov\u00e1 - SONIKA","description":"SVADOBN\u00c1, RODINN\u00c1 A NOVORODENECK\u00c1 FOTOGRAFKA","publisher":{"@id":"http:\/\/sonika.sk\/#\/schema\/person\/af4af21d3691d05680030cceaf0d8485"},"potentialAction":[{"@type":"SearchAction","target":{"@type":"EntryPoint","urlTemplate":"http:\/\/sonika.sk\/?s={search_term_string}"},"query-input":"required name=search_term_string"}],"inLanguage":"sk-SK"},{"@type":"WebPage","@id":"https:\/\/sonika.sk\/?page_id=1551#webpage","url":"https:\/\/sonika.sk\/?page_id=1551","name":"Tehotensk\u00e9 - So\u0148a Kab\u00e1tov\u00e1 - SONIKA","isPartOf":{"@id":"http:\/\/sonika.sk\/#website"},"datePublished":"2024-03-07T13:54:44+00:00","dateModified":"2024-03-07T13:54:44+00:00","breadcrumb":{"@id":"https:\/\/sonika.sk\/?page_id=1551#breadcrumb"},"inLanguage":"sk-SK","potentialAction":[{"@type":"ReadAction","target":["https:\/\/sonika.sk\/?page_id=1551"]}]},{"@type":"BreadcrumbList","@id":"https:\/\/sonika.sk\/?page_id=1551#breadcrumb","itemListElement":[{"@type":"ListItem","position":1,"name":"Home","item":"http:\/\/sonika.sk\/"},{"@type":"ListItem","position":2,"name":"Tehotensk\u00e9"}]}]}},"_links":{"self":[{"href":"http:\/\/sonika.sk\/index.php?rest_route=\/wp\/v2\/pages\/1551"}],"collection":[{"href":"http:\/\/sonika.sk\/index.php?rest_route=\/wp\/v2\/pages"}],"about":[{"href":"http:\/\/sonika.sk\/index.php?rest_route=\/wp\/v2\/types\/page"}],"author":[{"embeddable":true,"href":"http:\/\/sonika.sk\/index.php?rest_route=\/wp\/v2\/users\/2"}],"replies":[{"embeddable":true,"href":"http:\/\/sonika.sk\/index.php?rest_route=%2Fwp%2Fv2%2Fcomments&post=1551"}],"version-history":[{"count":1,"href":"http:\/\/sonika.sk\/index.php?rest_route=\/wp\/v2\/pages\/1551\/revisions"}],"predecessor-version":[{"id":1552,"href":"http:\/\/sonika.sk\/index.php?rest_route=\/wp\/v2\/pages\/1551\/revisions\/1552"}],"wp:attachment":[{"href":"http:\/\/sonika.sk\/index.php?rest_route=%2Fwp%2Fv2%2Fmedia&parent=1551"}],"curies":[{"name":"wp","href":"https:\/\/api.w.org\/{rel}","templated":true}]}}