{"id":1497,"date":"2024-03-05T22:13:40","date_gmt":"2024-03-05T21:13:40","guid":{"rendered":"http:\/\/sonika.sk\/?page_id=1497"},"modified":"2024-03-07T14:44:03","modified_gmt":"2024-03-07T13:44:03","slug":"fotografovanie-v-makoch","status":"publish","type":"page","link":"http:\/\/sonika.sk\/?page_id=1497","title":{"rendered":"Fotografovanie v makoch"},"content":{"rendered":"<p>[vc_row][vc_column][vc_column_text]<\/p>\n<h2 style=\"text-align: center;\">Mil\u00e9 rodinky!<\/h2>\n<p>&nbsp;<\/p>\n<p style=\"text-align: center;\">Ka\u017ed\u00fd rok rob\u00edm rodinn\u00e9 fotenia v n\u00e1dhern\u00fdch \u010derven\u00fdch a fialov\u00fdch makoch, ktor\u00e9 ka\u017ed\u00fd m\u00e1j premenia polia na rozpr\u00e1vkov\u00fa krajinu pln\u00fa farebn\u00fdch kvetov! Toto fotenie je pr\u00edle\u017eitos\u0165ou pre V\u00e1s, aby ste str\u00e1vili kvalitn\u00fd \u010das so svojimi de\u0165mi a zachytili nezabudnute\u013en\u00e9 momenty v kr\u00e1snom a romantickom prostred\u00ed makov.<\/p>\n<p style=\"text-align: center;\">Fotografovanie v makovom poli je jedine\u010dn\u00fd z\u00e1\u017eitok, ktor\u00fd bude rozhodne st\u00e1\u0165 za to! Va\u0161e deti bud\u00fa ma\u0165 mo\u017enos\u0165 vychutna\u0165 si hry a z\u00e1bavu v n\u00e1dhernom kvitn\u00facom poli, ktor\u00e9 p\u00f4sob\u00ed ako z rozpr\u00e1vky. Ich outfity laden\u00e9 do pastelov\u00fdch farieb sa dokonale zladia s okolitou krajinou a vytvoria jedine\u010dn\u00e9 a nezabudnute\u013en\u00e9 z\u00e1bery.<\/p>\n<p style=\"text-align: center;\">Toto fotenie je nielen pr\u00edle\u017eitos\u0165ou na vytvorenie kr\u00e1snych rodinn\u00fdch portr\u00e9tov, ale aj na tvorbu skvel\u00fdch spomienok a z\u00e1\u017eitkov, ktor\u00e9 si budete pam\u00e4ta\u0165 e\u0161te dlho po skon\u010den\u00ed fotenia.<\/p>\n<p style=\"text-align: center;\">\ud83d\udcc5 Term\u00edny na rok 2024 s\u00fa obmedzen\u00e9, bud\u00fa v\u0161ak v\u010das zverejnen\u00e9 \ud83d\udcc5<\/p>\n<p style=\"text-align: center;\">Fotografovanie v makov\u00fdch poliach prebieha cca od polovice m\u00e1ja v Seredi.<\/p>\n<p style=\"text-align: center;\">&nbsp;<\/p>\n<p><img loading=\"lazy\" class=\"alignnone size-full wp-image-1499\" src=\"http:\/\/sonika.sk\/wp-content\/uploads\/2024\/03\/DSC_0564.jpg\" alt=\"\" width=\"1500\" height=\"1001\" srcset=\"http:\/\/sonika.sk\/wp-content\/uploads\/2024\/03\/DSC_0564.jpg 1500w, http:\/\/sonika.sk\/wp-content\/uploads\/2024\/03\/DSC_0564-300x200.jpg 300w, http:\/\/sonika.sk\/wp-content\/uploads\/2024\/03\/DSC_0564-1024x683.jpg 1024w, http:\/\/sonika.sk\/wp-content\/uploads\/2024\/03\/DSC_0564-768x513.jpg 768w\" sizes=\"(max-width: 1500px) 100vw, 1500px\" \/><img loading=\"lazy\" class=\"alignnone size-full wp-image-1500\" src=\"http:\/\/sonika.sk\/wp-content\/uploads\/2024\/03\/DSC_0656.jpg\" alt=\"\" width=\"2369\" height=\"1581\" srcset=\"http:\/\/sonika.sk\/wp-content\/uploads\/2024\/03\/DSC_0656.jpg 2369w, http:\/\/sonika.sk\/wp-content\/uploads\/2024\/03\/DSC_0656-300x200.jpg 300w, http:\/\/sonika.sk\/wp-content\/uploads\/2024\/03\/DSC_0656-1024x683.jpg 1024w, http:\/\/sonika.sk\/wp-content\/uploads\/2024\/03\/DSC_0656-768x513.jpg 768w, http:\/\/sonika.sk\/wp-content\/uploads\/2024\/03\/DSC_0656-1536x1025.jpg 1536w, http:\/\/sonika.sk\/wp-content\/uploads\/2024\/03\/DSC_0656-2048x1367.jpg 2048w\" sizes=\"(max-width: 2369px) 100vw, 2369px\" \/><img loading=\"lazy\" class=\"alignnone size-full wp-image-1501\" src=\"http:\/\/sonika.sk\/wp-content\/uploads\/2024\/03\/DSC_0689.jpg\" alt=\"\" width=\"1500\" height=\"1001\" srcset=\"http:\/\/sonika.sk\/wp-content\/uploads\/2024\/03\/DSC_0689.jpg 1500w, http:\/\/sonika.sk\/wp-content\/uploads\/2024\/03\/DSC_0689-300x200.jpg 300w, http:\/\/sonika.sk\/wp-content\/uploads\/2024\/03\/DSC_0689-1024x683.jpg 1024w, http:\/\/sonika.sk\/wp-content\/uploads\/2024\/03\/DSC_0689-768x513.jpg 768w\" sizes=\"(max-width: 1500px) 100vw, 1500px\" \/> <img loading=\"lazy\" class=\"alignnone size-full wp-image-1503\" src=\"http:\/\/sonika.sk\/wp-content\/uploads\/2024\/03\/DSC_0290-scaled.jpg\" alt=\"\" width=\"1709\" height=\"2560\" srcset=\"http:\/\/sonika.sk\/wp-content\/uploads\/2024\/03\/DSC_0290-scaled.jpg 1709w, http:\/\/sonika.sk\/wp-content\/uploads\/2024\/03\/DSC_0290-200x300.jpg 200w, http:\/\/sonika.sk\/wp-content\/uploads\/2024\/03\/DSC_0290-684x1024.jpg 684w, http:\/\/sonika.sk\/wp-content\/uploads\/2024\/03\/DSC_0290-768x1150.jpg 768w, http:\/\/sonika.sk\/wp-content\/uploads\/2024\/03\/DSC_0290-1025x1536.jpg 1025w, http:\/\/sonika.sk\/wp-content\/uploads\/2024\/03\/DSC_0290-1367x2048.jpg 1367w\" sizes=\"(max-width: 1709px) 100vw, 1709px\" \/><img loading=\"lazy\" class=\"alignnone size-full wp-image-1504\" src=\"http:\/\/sonika.sk\/wp-content\/uploads\/2024\/03\/DSC_0303-scaled.jpg\" alt=\"\" width=\"2560\" height=\"1709\" srcset=\"http:\/\/sonika.sk\/wp-content\/uploads\/2024\/03\/DSC_0303-scaled.jpg 2560w, http:\/\/sonika.sk\/wp-content\/uploads\/2024\/03\/DSC_0303-300x200.jpg 300w, http:\/\/sonika.sk\/wp-content\/uploads\/2024\/03\/DSC_0303-1024x684.jpg 1024w, http:\/\/sonika.sk\/wp-content\/uploads\/2024\/03\/DSC_0303-768x513.jpg 768w, http:\/\/sonika.sk\/wp-content\/uploads\/2024\/03\/DSC_0303-1536x1025.jpg 1536w, http:\/\/sonika.sk\/wp-content\/uploads\/2024\/03\/DSC_0303-2048x1367.jpg 2048w\" sizes=\"(max-width: 2560px) 100vw, 2560px\" \/><img loading=\"lazy\" class=\"alignnone size-full wp-image-1505\" src=\"http:\/\/sonika.sk\/wp-content\/uploads\/2024\/03\/DSC_0802-scaled.jpg\" alt=\"\" width=\"2560\" height=\"1709\" srcset=\"http:\/\/sonika.sk\/wp-content\/uploads\/2024\/03\/DSC_0802-scaled.jpg 2560w, http:\/\/sonika.sk\/wp-content\/uploads\/2024\/03\/DSC_0802-300x200.jpg 300w, http:\/\/sonika.sk\/wp-content\/uploads\/2024\/03\/DSC_0802-1024x684.jpg 1024w, http:\/\/sonika.sk\/wp-content\/uploads\/2024\/03\/DSC_0802-768x513.jpg 768w, http:\/\/sonika.sk\/wp-content\/uploads\/2024\/03\/DSC_0802-1536x1025.jpg 1536w, http:\/\/sonika.sk\/wp-content\/uploads\/2024\/03\/DSC_0802-2048x1367.jpg 2048w\" sizes=\"(max-width: 2560px) 100vw, 2560px\" \/><img loading=\"lazy\" class=\"alignnone size-full wp-image-1506\" src=\"http:\/\/sonika.sk\/wp-content\/uploads\/2024\/03\/DSC_0046-1-scaled.jpg\" alt=\"\" width=\"2560\" height=\"1709\" srcset=\"http:\/\/sonika.sk\/wp-content\/uploads\/2024\/03\/DSC_0046-1-scaled.jpg 2560w, http:\/\/sonika.sk\/wp-content\/uploads\/2024\/03\/DSC_0046-1-300x200.jpg 300w, http:\/\/sonika.sk\/wp-content\/uploads\/2024\/03\/DSC_0046-1-1024x684.jpg 1024w, http:\/\/sonika.sk\/wp-content\/uploads\/2024\/03\/DSC_0046-1-768x513.jpg 768w, http:\/\/sonika.sk\/wp-content\/uploads\/2024\/03\/DSC_0046-1-1536x1025.jpg 1536w, http:\/\/sonika.sk\/wp-content\/uploads\/2024\/03\/DSC_0046-1-2048x1367.jpg 2048w\" sizes=\"(max-width: 2560px) 100vw, 2560px\" \/><img loading=\"lazy\" class=\"alignnone size-full wp-image-1507\" src=\"http:\/\/sonika.sk\/wp-content\/uploads\/2024\/03\/DSC_0068-scaled.jpg\" alt=\"\" width=\"2560\" height=\"1709\" srcset=\"http:\/\/sonika.sk\/wp-content\/uploads\/2024\/03\/DSC_0068-scaled.jpg 2560w, http:\/\/sonika.sk\/wp-content\/uploads\/2024\/03\/DSC_0068-300x200.jpg 300w, http:\/\/sonika.sk\/wp-content\/uploads\/2024\/03\/DSC_0068-1024x684.jpg 1024w, http:\/\/sonika.sk\/wp-content\/uploads\/2024\/03\/DSC_0068-768x513.jpg 768w, http:\/\/sonika.sk\/wp-content\/uploads\/2024\/03\/DSC_0068-1536x1025.jpg 1536w, http:\/\/sonika.sk\/wp-content\/uploads\/2024\/03\/DSC_0068-2048x1367.jpg 2048w\" sizes=\"(max-width: 2560px) 100vw, 2560px\" \/><img loading=\"lazy\" class=\"alignnone size-full wp-image-1508\" src=\"http:\/\/sonika.sk\/wp-content\/uploads\/2024\/03\/DSC_0091-scaled.jpg\" alt=\"\" width=\"1709\" height=\"2560\" srcset=\"http:\/\/sonika.sk\/wp-content\/uploads\/2024\/03\/DSC_0091-scaled.jpg 1709w, http:\/\/sonika.sk\/wp-content\/uploads\/2024\/03\/DSC_0091-200x300.jpg 200w, http:\/\/sonika.sk\/wp-content\/uploads\/2024\/03\/DSC_0091-684x1024.jpg 684w, http:\/\/sonika.sk\/wp-content\/uploads\/2024\/03\/DSC_0091-768x1150.jpg 768w, http:\/\/sonika.sk\/wp-content\/uploads\/2024\/03\/DSC_0091-1025x1536.jpg 1025w, http:\/\/sonika.sk\/wp-content\/uploads\/2024\/03\/DSC_0091-1367x2048.jpg 1367w\" sizes=\"(max-width: 1709px) 100vw, 1709px\" \/><img loading=\"lazy\" class=\"alignnone size-full wp-image-1509\" src=\"http:\/\/sonika.sk\/wp-content\/uploads\/2024\/03\/DSC_0220-scaled.jpg\" alt=\"\" width=\"1709\" height=\"2560\" srcset=\"http:\/\/sonika.sk\/wp-content\/uploads\/2024\/03\/DSC_0220-scaled.jpg 1709w, http:\/\/sonika.sk\/wp-content\/uploads\/2024\/03\/DSC_0220-200x300.jpg 200w, http:\/\/sonika.sk\/wp-content\/uploads\/2024\/03\/DSC_0220-684x1024.jpg 684w, http:\/\/sonika.sk\/wp-content\/uploads\/2024\/03\/DSC_0220-768x1150.jpg 768w, http:\/\/sonika.sk\/wp-content\/uploads\/2024\/03\/DSC_0220-1025x1536.jpg 1025w, http:\/\/sonika.sk\/wp-content\/uploads\/2024\/03\/DSC_0220-1367x2048.jpg 1367w\" sizes=\"(max-width: 1709px) 100vw, 1709px\" \/><img loading=\"lazy\" class=\"alignnone size-full wp-image-1510\" src=\"http:\/\/sonika.sk\/wp-content\/uploads\/2024\/03\/DSC_1155-scaled.jpg\" alt=\"\" width=\"1709\" height=\"2560\" srcset=\"http:\/\/sonika.sk\/wp-content\/uploads\/2024\/03\/DSC_1155-scaled.jpg 1709w, http:\/\/sonika.sk\/wp-content\/uploads\/2024\/03\/DSC_1155-200x300.jpg 200w, http:\/\/sonika.sk\/wp-content\/uploads\/2024\/03\/DSC_1155-684x1024.jpg 684w, http:\/\/sonika.sk\/wp-content\/uploads\/2024\/03\/DSC_1155-768x1150.jpg 768w, http:\/\/sonika.sk\/wp-content\/uploads\/2024\/03\/DSC_1155-1025x1536.jpg 1025w, http:\/\/sonika.sk\/wp-content\/uploads\/2024\/03\/DSC_1155-1367x2048.jpg 1367w\" sizes=\"(max-width: 1709px) 100vw, 1709px\" \/><img loading=\"lazy\" class=\"alignnone size-full wp-image-1502\" src=\"http:\/\/sonika.sk\/wp-content\/uploads\/2024\/03\/DSC_0718.jpg\" alt=\"\" width=\"1500\" height=\"1001\" srcset=\"http:\/\/sonika.sk\/wp-content\/uploads\/2024\/03\/DSC_0718.jpg 1500w, http:\/\/sonika.sk\/wp-content\/uploads\/2024\/03\/DSC_0718-300x200.jpg 300w, http:\/\/sonika.sk\/wp-content\/uploads\/2024\/03\/DSC_0718-1024x683.jpg 1024w, http:\/\/sonika.sk\/wp-content\/uploads\/2024\/03\/DSC_0718-768x513.jpg 768w\" sizes=\"(max-width: 1500px) 100vw, 1500px\" \/> <img loading=\"lazy\" class=\"alignnone size-full wp-image-1539\" src=\"http:\/\/sonika.sk\/wp-content\/uploads\/2024\/03\/DSC_1369-scaled.jpg\" alt=\"\" width=\"1709\" height=\"2560\" srcset=\"http:\/\/sonika.sk\/wp-content\/uploads\/2024\/03\/DSC_1369-scaled.jpg 1709w, http:\/\/sonika.sk\/wp-content\/uploads\/2024\/03\/DSC_1369-200x300.jpg 200w, http:\/\/sonika.sk\/wp-content\/uploads\/2024\/03\/DSC_1369-684x1024.jpg 684w, http:\/\/sonika.sk\/wp-content\/uploads\/2024\/03\/DSC_1369-768x1150.jpg 768w, http:\/\/sonika.sk\/wp-content\/uploads\/2024\/03\/DSC_1369-1025x1536.jpg 1025w, http:\/\/sonika.sk\/wp-content\/uploads\/2024\/03\/DSC_1369-1367x2048.jpg 1367w\" sizes=\"(max-width: 1709px) 100vw, 1709px\" \/><img loading=\"lazy\" class=\"alignnone size-full wp-image-1541\" src=\"http:\/\/sonika.sk\/wp-content\/uploads\/2024\/03\/DSC_1417-scaled.jpg\" alt=\"\" width=\"1709\" height=\"2560\" srcset=\"http:\/\/sonika.sk\/wp-content\/uploads\/2024\/03\/DSC_1417-scaled.jpg 1709w, http:\/\/sonika.sk\/wp-content\/uploads\/2024\/03\/DSC_1417-200x300.jpg 200w, http:\/\/sonika.sk\/wp-content\/uploads\/2024\/03\/DSC_1417-684x1024.jpg 684w, http:\/\/sonika.sk\/wp-content\/uploads\/2024\/03\/DSC_1417-768x1151.jpg 768w, http:\/\/sonika.sk\/wp-content\/uploads\/2024\/03\/DSC_1417-1025x1536.jpg 1025w, http:\/\/sonika.sk\/wp-content\/uploads\/2024\/03\/DSC_1417-1367x2048.jpg 1367w\" sizes=\"(max-width: 1709px) 100vw, 1709px\" \/>[\/vc_column_text][\/vc_column][\/vc_row]<\/p>\n","protected":false},"excerpt":{"rendered":"<p>[vc_row][vc_column][vc_column_text] Mil\u00e9 rodinky! &nbsp; Ka\u017ed\u00fd rok rob\u00edm rodinn\u00e9 fotenia v n\u00e1dhern\u00fdch \u010derven\u00fdch a fialov\u00fdch makoch, ktor\u00e9 ka\u017ed\u00fd m\u00e1j premenia polia na rozpr\u00e1vkov\u00fa krajinu pln\u00fa farebn\u00fdch kvetov! Toto fotenie je pr\u00edle\u017eitos\u0165ou [&hellip;]<\/p>\n","protected":false},"author":2,"featured_media":0,"parent":0,"menu_order":0,"comment_status":"closed","ping_status":"closed","template":"","meta":{"_mi_skip_tracking":false,"ngg_post_thumbnail":0},"yoast_head":"<!-- This site is optimized with the Yoast SEO plugin v18.8 - https:\/\/yoast.com\/wordpress\/plugins\/seo\/ -->\n<title>Fotografovanie v makoch - So\u0148a Kab\u00e1tov\u00e1 - SONIKA<\/title>\n<meta name=\"robots\" content=\"index, follow, max-snippet:-1, max-image-preview:large, max-video-preview:-1\" \/>\n<link rel=\"canonical\" href=\"https:\/\/sonika.sk\/?page_id=1497\" \/>\n<meta property=\"og:locale\" content=\"sk_SK\" \/>\n<meta property=\"og:type\" content=\"article\" \/>\n<meta property=\"og:title\" content=\"Fotografovanie v makoch - So\u0148a Kab\u00e1tov\u00e1 - SONIKA\" \/>\n<meta property=\"og:description\" content=\"[vc_row][vc_column][vc_column_text] Mil\u00e9 rodinky! &nbsp; Ka\u017ed\u00fd rok rob\u00edm rodinn\u00e9 fotenia v n\u00e1dhern\u00fdch \u010derven\u00fdch a fialov\u00fdch makoch, ktor\u00e9 ka\u017ed\u00fd m\u00e1j premenia polia na rozpr\u00e1vkov\u00fa krajinu pln\u00fa farebn\u00fdch kvetov! Toto fotenie je pr\u00edle\u017eitos\u0165ou [&hellip;]\" \/>\n<meta property=\"og:url\" content=\"https:\/\/sonika.sk\/?page_id=1497\" \/>\n<meta property=\"og:site_name\" content=\"So\u0148a Kab\u00e1tov\u00e1 - SONIKA\" \/>\n<meta property=\"article:modified_time\" content=\"2024-03-07T13:44:03+00:00\" \/>\n<meta property=\"og:image\" content=\"http:\/\/sonika.sk\/wp-content\/uploads\/2024\/03\/DSC_0564.jpg\" \/>\n<meta name=\"twitter:card\" content=\"summary_large_image\" \/>\n<meta name=\"twitter:label1\" content=\"Predpokladan\u00fd \u010das \u010d\u00edtania\" \/>\n\t<meta name=\"twitter:data1\" content=\"1 min\u00fata\" \/>\n<script type=\"application\/ld+json\" class=\"yoast-schema-graph\">{\"@context\":\"https:\/\/schema.org\",\"@graph\":[{\"@type\":[\"Person\",\"Organization\"],\"@id\":\"http:\/\/sonika.sk\/#\/schema\/person\/af4af21d3691d05680030cceaf0d8485\",\"name\":\"So\u0148a Kab\u00e1tov\u00e1\",\"image\":{\"@type\":\"ImageObject\",\"inLanguage\":\"sk-SK\",\"@id\":\"http:\/\/sonika.sk\/#\/schema\/person\/image\/\",\"url\":\"http:\/\/1.gravatar.com\/avatar\/767bac3a677d8299a707cfeb0a56a270?s=96&d=mm&r=g\",\"contentUrl\":\"http:\/\/1.gravatar.com\/avatar\/767bac3a677d8299a707cfeb0a56a270?s=96&d=mm&r=g\",\"caption\":\"So\u0148a Kab\u00e1tov\u00e1\"},\"logo\":{\"@id\":\"http:\/\/sonika.sk\/#\/schema\/person\/image\/\"}},{\"@type\":\"WebSite\",\"@id\":\"http:\/\/sonika.sk\/#website\",\"url\":\"http:\/\/sonika.sk\/\",\"name\":\"So\u0148a Kab\u00e1tov\u00e1 - SONIKA\",\"description\":\"SVADOBN\u00c1, RODINN\u00c1 A NOVORODENECK\u00c1 FOTOGRAFKA\",\"publisher\":{\"@id\":\"http:\/\/sonika.sk\/#\/schema\/person\/af4af21d3691d05680030cceaf0d8485\"},\"potentialAction\":[{\"@type\":\"SearchAction\",\"target\":{\"@type\":\"EntryPoint\",\"urlTemplate\":\"http:\/\/sonika.sk\/?s={search_term_string}\"},\"query-input\":\"required name=search_term_string\"}],\"inLanguage\":\"sk-SK\"},{\"@type\":\"ImageObject\",\"inLanguage\":\"sk-SK\",\"@id\":\"https:\/\/sonika.sk\/?page_id=1497#primaryimage\",\"url\":\"http:\/\/sonika.sk\/wp-content\/uploads\/2024\/03\/DSC_0564.jpg\",\"contentUrl\":\"http:\/\/sonika.sk\/wp-content\/uploads\/2024\/03\/DSC_0564.jpg\",\"width\":1500,\"height\":1001},{\"@type\":\"WebPage\",\"@id\":\"https:\/\/sonika.sk\/?page_id=1497#webpage\",\"url\":\"https:\/\/sonika.sk\/?page_id=1497\",\"name\":\"Fotografovanie v makoch - So\u0148a Kab\u00e1tov\u00e1 - SONIKA\",\"isPartOf\":{\"@id\":\"http:\/\/sonika.sk\/#website\"},\"primaryImageOfPage\":{\"@id\":\"https:\/\/sonika.sk\/?page_id=1497#primaryimage\"},\"datePublished\":\"2024-03-05T21:13:40+00:00\",\"dateModified\":\"2024-03-07T13:44:03+00:00\",\"breadcrumb\":{\"@id\":\"https:\/\/sonika.sk\/?page_id=1497#breadcrumb\"},\"inLanguage\":\"sk-SK\",\"potentialAction\":[{\"@type\":\"ReadAction\",\"target\":[\"https:\/\/sonika.sk\/?page_id=1497\"]}]},{\"@type\":\"BreadcrumbList\",\"@id\":\"https:\/\/sonika.sk\/?page_id=1497#breadcrumb\",\"itemListElement\":[{\"@type\":\"ListItem\",\"position\":1,\"name\":\"Home\",\"item\":\"http:\/\/sonika.sk\/\"},{\"@type\":\"ListItem\",\"position\":2,\"name\":\"Fotografovanie v makoch\"}]}]}<\/script>\n<!-- \/ Yoast SEO plugin. -->","yoast_head_json":{"title":"Fotografovanie v makoch - So\u0148a Kab\u00e1tov\u00e1 - SONIKA","robots":{"index":"index","follow":"follow","max-snippet":"max-snippet:-1","max-image-preview":"max-image-preview:large","max-video-preview":"max-video-preview:-1"},"canonical":"https:\/\/sonika.sk\/?page_id=1497","og_locale":"sk_SK","og_type":"article","og_title":"Fotografovanie v makoch - So\u0148a Kab\u00e1tov\u00e1 - SONIKA","og_description":"[vc_row][vc_column][vc_column_text] Mil\u00e9 rodinky! &nbsp; Ka\u017ed\u00fd rok rob\u00edm rodinn\u00e9 fotenia v n\u00e1dhern\u00fdch \u010derven\u00fdch a fialov\u00fdch makoch, ktor\u00e9 ka\u017ed\u00fd m\u00e1j premenia polia na rozpr\u00e1vkov\u00fa krajinu pln\u00fa farebn\u00fdch kvetov! Toto fotenie je pr\u00edle\u017eitos\u0165ou [&hellip;]","og_url":"https:\/\/sonika.sk\/?page_id=1497","og_site_name":"So\u0148a Kab\u00e1tov\u00e1 - SONIKA","article_modified_time":"2024-03-07T13:44:03+00:00","og_image":[{"url":"http:\/\/sonika.sk\/wp-content\/uploads\/2024\/03\/DSC_0564.jpg"}],"twitter_card":"summary_large_image","twitter_misc":{"Predpokladan\u00fd \u010das \u010d\u00edtania":"1 min\u00fata"},"schema":{"@context":"https:\/\/schema.org","@graph":[{"@type":["Person","Organization"],"@id":"http:\/\/sonika.sk\/#\/schema\/person\/af4af21d3691d05680030cceaf0d8485","name":"So\u0148a Kab\u00e1tov\u00e1","image":{"@type":"ImageObject","inLanguage":"sk-SK","@id":"http:\/\/sonika.sk\/#\/schema\/person\/image\/","url":"http:\/\/1.gravatar.com\/avatar\/767bac3a677d8299a707cfeb0a56a270?s=96&d=mm&r=g","contentUrl":"http:\/\/1.gravatar.com\/avatar\/767bac3a677d8299a707cfeb0a56a270?s=96&d=mm&r=g","caption":"So\u0148a Kab\u00e1tov\u00e1"},"logo":{"@id":"http:\/\/sonika.sk\/#\/schema\/person\/image\/"}},{"@type":"WebSite","@id":"http:\/\/sonika.sk\/#website","url":"http:\/\/sonika.sk\/","name":"So\u0148a Kab\u00e1tov\u00e1 - SONIKA","description":"SVADOBN\u00c1, RODINN\u00c1 A NOVORODENECK\u00c1 FOTOGRAFKA","publisher":{"@id":"http:\/\/sonika.sk\/#\/schema\/person\/af4af21d3691d05680030cceaf0d8485"},"potentialAction":[{"@type":"SearchAction","target":{"@type":"EntryPoint","urlTemplate":"http:\/\/sonika.sk\/?s={search_term_string}"},"query-input":"required name=search_term_string"}],"inLanguage":"sk-SK"},{"@type":"ImageObject","inLanguage":"sk-SK","@id":"https:\/\/sonika.sk\/?page_id=1497#primaryimage","url":"http:\/\/sonika.sk\/wp-content\/uploads\/2024\/03\/DSC_0564.jpg","contentUrl":"http:\/\/sonika.sk\/wp-content\/uploads\/2024\/03\/DSC_0564.jpg","width":1500,"height":1001},{"@type":"WebPage","@id":"https:\/\/sonika.sk\/?page_id=1497#webpage","url":"https:\/\/sonika.sk\/?page_id=1497","name":"Fotografovanie v makoch - So\u0148a Kab\u00e1tov\u00e1 - SONIKA","isPartOf":{"@id":"http:\/\/sonika.sk\/#website"},"primaryImageOfPage":{"@id":"https:\/\/sonika.sk\/?page_id=1497#primaryimage"},"datePublished":"2024-03-05T21:13:40+00:00","dateModified":"2024-03-07T13:44:03+00:00","breadcrumb":{"@id":"https:\/\/sonika.sk\/?page_id=1497#breadcrumb"},"inLanguage":"sk-SK","potentialAction":[{"@type":"ReadAction","target":["https:\/\/sonika.sk\/?page_id=1497"]}]},{"@type":"BreadcrumbList","@id":"https:\/\/sonika.sk\/?page_id=1497#breadcrumb","itemListElement":[{"@type":"ListItem","position":1,"name":"Home","item":"http:\/\/sonika.sk\/"},{"@type":"ListItem","position":2,"name":"Fotografovanie v makoch"}]}]}},"_links":{"self":[{"href":"http:\/\/sonika.sk\/index.php?rest_route=\/wp\/v2\/pages\/1497"}],"collection":[{"href":"http:\/\/sonika.sk\/index.php?rest_route=\/wp\/v2\/pages"}],"about":[{"href":"http:\/\/sonika.sk\/index.php?rest_route=\/wp\/v2\/types\/page"}],"author":[{"embeddable":true,"href":"http:\/\/sonika.sk\/index.php?rest_route=\/wp\/v2\/users\/2"}],"replies":[{"embeddable":true,"href":"http:\/\/sonika.sk\/index.php?rest_route=%2Fwp%2Fv2%2Fcomments&post=1497"}],"version-history":[{"count":4,"href":"http:\/\/sonika.sk\/index.php?rest_route=\/wp\/v2\/pages\/1497\/revisions"}],"predecessor-version":[{"id":1542,"href":"http:\/\/sonika.sk\/index.php?rest_route=\/wp\/v2\/pages\/1497\/revisions\/1542"}],"wp:attachment":[{"href":"http:\/\/sonika.sk\/index.php?rest_route=%2Fwp%2Fv2%2Fmedia&parent=1497"}],"curies":[{"name":"wp","href":"https:\/\/api.w.org\/{rel}","templated":true}]}}