{"id":1467,"date":"2024-03-04T23:27:28","date_gmt":"2024-03-04T22:27:28","guid":{"rendered":"http:\/\/sonika.sk\/?page_id=1467"},"modified":"2024-03-07T14:51:49","modified_gmt":"2024-03-07T13:51:49","slug":"blizsie-informacie-k-fotografovaniu","status":"publish","type":"page","link":"http:\/\/sonika.sk\/?page_id=1467","title":{"rendered":"Bli\u017e\u0161ie inform\u00e1cie"},"content":{"rendered":"<p>[vc_row][vc_column][vc_column_text]<\/p>\n<h2 style=\"text-align: center;\">Mil\u00e9 mami\u010dky a bud\u00face mami\u010dky,<\/h2>\n<p>chyst\u00e1te sa na novorodeneck\u00e9 fotenie Va\u0161ich mal\u00fdch pokladov? Chcem V\u00e1m pon\u00faknu\u0165 p\u00e1r u\u017eito\u010dn\u00fdch r\u00e1d, ako sa na tento \u0161peci\u00e1lny z\u00e1\u017eitok pripravi\u0165, aby sme z neho mohli vytiahnu\u0165 maximum:<\/p>\n<ol>\n<li><strong>\u010casovanie je k\u013e\u00fa\u010dov\u00e9:<\/strong> Novorodeneck\u00e9 fotenie sa najlep\u0161ie rob\u00ed do 14 dn\u00ed od narodenia die\u0165atka, ke\u010f e\u0161te&nbsp; v\u00e4\u010d\u0161inu \u010dasu spia a \u013eah\u0161ie sa upokoja a polohuj\u00fa. Takto zachyt\u00edme tie najslad\u0161ie a najpokojnej\u0161ie momenty va\u0161ich b\u00e1b\u00e4tiek.<\/li>\n<li><strong>Dom\u00e1ce pohodlie:<\/strong> M\u00e1m sk\u00fasenos\u0165, \u017ee b\u00e1b\u00e4tko sa c\u00edti najviac pohodlne a bezpe\u010dne doma. Preto uprednost\u0148ujem fotenie u z\u00e1kazn\u00edka. Spolu s rekvizitami a oble\u010den\u00edm pre b\u00e1b\u00e4tk\u00e1 si so sebou nos\u00edm&nbsp; aj fotografick\u00e9 svetlo, ak by bolo potrebn\u00e9 miestnos\u0165 dosvieti\u0165. Tak\u017ee vieme vyk\u00fazli\u0165 fotografie ako z ateli\u00e9ru. Ak preferujete vonkaj\u0161ie z\u00e1bery, v lete m\u00f4\u017eeme vyu\u017ei\u0165 aj pr\u00edrodn\u00e9 svetlo a n\u00e1js\u0165 vhodn\u00e9 prostredie na kr\u00e1sne letn\u00e9 z\u00e1bery.<\/li>\n<li><strong>Rezervujte si term\u00edn vopred:<\/strong> Vzh\u013eadom na obmedzen\u00e9 miesta vo\u013en\u00e9 term\u00edny rezervujte aspo\u0148 orienta\u010dne u\u017e pred naroden\u00edm V\u00e1\u0161ho die\u0165atka, aby sme mohli prisp\u00f4sobi\u0165 pl\u00e1novanie a pr\u00edpravy.<\/li>\n<li><strong>Rekvizity k dispoz\u00edcii:<\/strong> Na fotenie u V\u00e1s doma mi sta\u010d\u00ed k\u00fasok jednofarebnej steny najlep\u0161ie bledej farby. M\u00e1m pre v\u00e1s pripraven\u00e9 r\u00f4zne rekvizity ako ko\u0161\u00ed\u010dky, postie\u013eku, oble\u010denie pre chlapcov aj diev\u010datk\u00e1, ktor\u00e9 m\u00f4\u017eeme pou\u017ei\u0165 po\u010das fotenia. Tieto doplnky s\u00fa s\u00fa\u010das\u0165ou ceny fotenia a prispievaj\u00fa k tvorbe kr\u00e1snych a origin\u00e1lnych z\u00e1berov.<\/li>\n<\/ol>\n<p>D\u00fafam, \u017ee tieto rady v\u00e1m pom\u00f4\u017eu pripravi\u0165 sa na novorodeneck\u00e9 fotenie Va\u0161ich mal\u00fdch z\u00e1zrakov. V pr\u00edpade nezodpovedan\u00fdch ot\u00e1zok, ma nev\u00e1hajte kontaktova\u0165.[\/vc_column_text][\/vc_column][\/vc_row]<\/p>\n","protected":false},"excerpt":{"rendered":"<p>[vc_row][vc_column][vc_column_text] Mil\u00e9 mami\u010dky a bud\u00face mami\u010dky, chyst\u00e1te sa na novorodeneck\u00e9 fotenie Va\u0161ich mal\u00fdch pokladov? Chcem V\u00e1m pon\u00faknu\u0165 p\u00e1r u\u017eito\u010dn\u00fdch r\u00e1d, ako sa na tento \u0161peci\u00e1lny z\u00e1\u017eitok pripravi\u0165, aby sme z [&hellip;]<\/p>\n","protected":false},"author":2,"featured_media":0,"parent":0,"menu_order":0,"comment_status":"closed","ping_status":"closed","template":"","meta":{"_mi_skip_tracking":false,"ngg_post_thumbnail":0},"yoast_head":"<!-- This site is optimized with the Yoast SEO plugin v18.8 - https:\/\/yoast.com\/wordpress\/plugins\/seo\/ -->\n<title>Bli\u017e\u0161ie inform\u00e1cie - So\u0148a Kab\u00e1tov\u00e1 - SONIKA<\/title>\n<meta name=\"robots\" content=\"index, follow, max-snippet:-1, max-image-preview:large, max-video-preview:-1\" \/>\n<link rel=\"canonical\" href=\"https:\/\/sonika.sk\/?page_id=1467\" \/>\n<meta property=\"og:locale\" content=\"sk_SK\" \/>\n<meta property=\"og:type\" content=\"article\" \/>\n<meta property=\"og:title\" content=\"Bli\u017e\u0161ie inform\u00e1cie - So\u0148a Kab\u00e1tov\u00e1 - SONIKA\" \/>\n<meta property=\"og:description\" content=\"[vc_row][vc_column][vc_column_text] Mil\u00e9 mami\u010dky a bud\u00face mami\u010dky, chyst\u00e1te sa na novorodeneck\u00e9 fotenie Va\u0161ich mal\u00fdch pokladov? Chcem V\u00e1m pon\u00faknu\u0165 p\u00e1r u\u017eito\u010dn\u00fdch r\u00e1d, ako sa na tento \u0161peci\u00e1lny z\u00e1\u017eitok pripravi\u0165, aby sme z [&hellip;]\" \/>\n<meta property=\"og:url\" content=\"https:\/\/sonika.sk\/?page_id=1467\" \/>\n<meta property=\"og:site_name\" content=\"So\u0148a Kab\u00e1tov\u00e1 - SONIKA\" \/>\n<meta property=\"article:modified_time\" content=\"2024-03-07T13:51:49+00:00\" \/>\n<meta name=\"twitter:card\" content=\"summary_large_image\" \/>\n<meta name=\"twitter:label1\" content=\"Predpokladan\u00fd \u010das \u010d\u00edtania\" \/>\n\t<meta name=\"twitter:data1\" content=\"2 min\u00faty\" \/>\n<script type=\"application\/ld+json\" class=\"yoast-schema-graph\">{\"@context\":\"https:\/\/schema.org\",\"@graph\":[{\"@type\":[\"Person\",\"Organization\"],\"@id\":\"http:\/\/sonika.sk\/#\/schema\/person\/af4af21d3691d05680030cceaf0d8485\",\"name\":\"So\u0148a Kab\u00e1tov\u00e1\",\"image\":{\"@type\":\"ImageObject\",\"inLanguage\":\"sk-SK\",\"@id\":\"http:\/\/sonika.sk\/#\/schema\/person\/image\/\",\"url\":\"http:\/\/1.gravatar.com\/avatar\/767bac3a677d8299a707cfeb0a56a270?s=96&d=mm&r=g\",\"contentUrl\":\"http:\/\/1.gravatar.com\/avatar\/767bac3a677d8299a707cfeb0a56a270?s=96&d=mm&r=g\",\"caption\":\"So\u0148a Kab\u00e1tov\u00e1\"},\"logo\":{\"@id\":\"http:\/\/sonika.sk\/#\/schema\/person\/image\/\"}},{\"@type\":\"WebSite\",\"@id\":\"http:\/\/sonika.sk\/#website\",\"url\":\"http:\/\/sonika.sk\/\",\"name\":\"So\u0148a Kab\u00e1tov\u00e1 - SONIKA\",\"description\":\"SVADOBN\u00c1, RODINN\u00c1 A NOVORODENECK\u00c1 FOTOGRAFKA\",\"publisher\":{\"@id\":\"http:\/\/sonika.sk\/#\/schema\/person\/af4af21d3691d05680030cceaf0d8485\"},\"potentialAction\":[{\"@type\":\"SearchAction\",\"target\":{\"@type\":\"EntryPoint\",\"urlTemplate\":\"http:\/\/sonika.sk\/?s={search_term_string}\"},\"query-input\":\"required name=search_term_string\"}],\"inLanguage\":\"sk-SK\"},{\"@type\":\"WebPage\",\"@id\":\"https:\/\/sonika.sk\/?page_id=1467#webpage\",\"url\":\"https:\/\/sonika.sk\/?page_id=1467\",\"name\":\"Bli\u017e\u0161ie inform\u00e1cie - So\u0148a Kab\u00e1tov\u00e1 - SONIKA\",\"isPartOf\":{\"@id\":\"http:\/\/sonika.sk\/#website\"},\"datePublished\":\"2024-03-04T22:27:28+00:00\",\"dateModified\":\"2024-03-07T13:51:49+00:00\",\"breadcrumb\":{\"@id\":\"https:\/\/sonika.sk\/?page_id=1467#breadcrumb\"},\"inLanguage\":\"sk-SK\",\"potentialAction\":[{\"@type\":\"ReadAction\",\"target\":[\"https:\/\/sonika.sk\/?page_id=1467\"]}]},{\"@type\":\"BreadcrumbList\",\"@id\":\"https:\/\/sonika.sk\/?page_id=1467#breadcrumb\",\"itemListElement\":[{\"@type\":\"ListItem\",\"position\":1,\"name\":\"Home\",\"item\":\"http:\/\/sonika.sk\/\"},{\"@type\":\"ListItem\",\"position\":2,\"name\":\"Bli\u017e\u0161ie inform\u00e1cie\"}]}]}<\/script>\n<!-- \/ Yoast SEO plugin. -->","yoast_head_json":{"title":"Bli\u017e\u0161ie inform\u00e1cie - So\u0148a Kab\u00e1tov\u00e1 - SONIKA","robots":{"index":"index","follow":"follow","max-snippet":"max-snippet:-1","max-image-preview":"max-image-preview:large","max-video-preview":"max-video-preview:-1"},"canonical":"https:\/\/sonika.sk\/?page_id=1467","og_locale":"sk_SK","og_type":"article","og_title":"Bli\u017e\u0161ie inform\u00e1cie - So\u0148a Kab\u00e1tov\u00e1 - SONIKA","og_description":"[vc_row][vc_column][vc_column_text] Mil\u00e9 mami\u010dky a bud\u00face mami\u010dky, chyst\u00e1te sa na novorodeneck\u00e9 fotenie Va\u0161ich mal\u00fdch pokladov? Chcem V\u00e1m pon\u00faknu\u0165 p\u00e1r u\u017eito\u010dn\u00fdch r\u00e1d, ako sa na tento \u0161peci\u00e1lny z\u00e1\u017eitok pripravi\u0165, aby sme z [&hellip;]","og_url":"https:\/\/sonika.sk\/?page_id=1467","og_site_name":"So\u0148a Kab\u00e1tov\u00e1 - SONIKA","article_modified_time":"2024-03-07T13:51:49+00:00","twitter_card":"summary_large_image","twitter_misc":{"Predpokladan\u00fd \u010das \u010d\u00edtania":"2 min\u00faty"},"schema":{"@context":"https:\/\/schema.org","@graph":[{"@type":["Person","Organization"],"@id":"http:\/\/sonika.sk\/#\/schema\/person\/af4af21d3691d05680030cceaf0d8485","name":"So\u0148a Kab\u00e1tov\u00e1","image":{"@type":"ImageObject","inLanguage":"sk-SK","@id":"http:\/\/sonika.sk\/#\/schema\/person\/image\/","url":"http:\/\/1.gravatar.com\/avatar\/767bac3a677d8299a707cfeb0a56a270?s=96&d=mm&r=g","contentUrl":"http:\/\/1.gravatar.com\/avatar\/767bac3a677d8299a707cfeb0a56a270?s=96&d=mm&r=g","caption":"So\u0148a Kab\u00e1tov\u00e1"},"logo":{"@id":"http:\/\/sonika.sk\/#\/schema\/person\/image\/"}},{"@type":"WebSite","@id":"http:\/\/sonika.sk\/#website","url":"http:\/\/sonika.sk\/","name":"So\u0148a Kab\u00e1tov\u00e1 - SONIKA","description":"SVADOBN\u00c1, RODINN\u00c1 A NOVORODENECK\u00c1 FOTOGRAFKA","publisher":{"@id":"http:\/\/sonika.sk\/#\/schema\/person\/af4af21d3691d05680030cceaf0d8485"},"potentialAction":[{"@type":"SearchAction","target":{"@type":"EntryPoint","urlTemplate":"http:\/\/sonika.sk\/?s={search_term_string}"},"query-input":"required name=search_term_string"}],"inLanguage":"sk-SK"},{"@type":"WebPage","@id":"https:\/\/sonika.sk\/?page_id=1467#webpage","url":"https:\/\/sonika.sk\/?page_id=1467","name":"Bli\u017e\u0161ie inform\u00e1cie - So\u0148a Kab\u00e1tov\u00e1 - SONIKA","isPartOf":{"@id":"http:\/\/sonika.sk\/#website"},"datePublished":"2024-03-04T22:27:28+00:00","dateModified":"2024-03-07T13:51:49+00:00","breadcrumb":{"@id":"https:\/\/sonika.sk\/?page_id=1467#breadcrumb"},"inLanguage":"sk-SK","potentialAction":[{"@type":"ReadAction","target":["https:\/\/sonika.sk\/?page_id=1467"]}]},{"@type":"BreadcrumbList","@id":"https:\/\/sonika.sk\/?page_id=1467#breadcrumb","itemListElement":[{"@type":"ListItem","position":1,"name":"Home","item":"http:\/\/sonika.sk\/"},{"@type":"ListItem","position":2,"name":"Bli\u017e\u0161ie inform\u00e1cie"}]}]}},"_links":{"self":[{"href":"http:\/\/sonika.sk\/index.php?rest_route=\/wp\/v2\/pages\/1467"}],"collection":[{"href":"http:\/\/sonika.sk\/index.php?rest_route=\/wp\/v2\/pages"}],"about":[{"href":"http:\/\/sonika.sk\/index.php?rest_route=\/wp\/v2\/types\/page"}],"author":[{"embeddable":true,"href":"http:\/\/sonika.sk\/index.php?rest_route=\/wp\/v2\/users\/2"}],"replies":[{"embeddable":true,"href":"http:\/\/sonika.sk\/index.php?rest_route=%2Fwp%2Fv2%2Fcomments&post=1467"}],"version-history":[{"count":3,"href":"http:\/\/sonika.sk\/index.php?rest_route=\/wp\/v2\/pages\/1467\/revisions"}],"predecessor-version":[{"id":1547,"href":"http:\/\/sonika.sk\/index.php?rest_route=\/wp\/v2\/pages\/1467\/revisions\/1547"}],"wp:attachment":[{"href":"http:\/\/sonika.sk\/index.php?rest_route=%2Fwp%2Fv2%2Fmedia&parent=1467"}],"curies":[{"name":"wp","href":"https:\/\/api.w.org\/{rel}","templated":true}]}}