{"id":1435,"date":"2024-03-03T21:38:54","date_gmt":"2024-03-03T20:38:54","guid":{"rendered":"http:\/\/sonika.sk\/?page_id=1435"},"modified":"2024-03-07T14:49:18","modified_gmt":"2024-03-07T13:49:18","slug":"fotografovanie-v-levanduli","status":"publish","type":"page","link":"http:\/\/sonika.sk\/?page_id=1435","title":{"rendered":"Fotografovanie v levanduli"},"content":{"rendered":"<p>[vc_row][vc_column][vc_column_text]<\/p>\n<p style=\"text-align: center;\">Milovn\u00edci pr\u00edrody a fotografi\u00ed, m\u00e1m pre v\u00e1s \u00fa\u017easn\u00fa pr\u00edle\u017eitos\u0165! Fotografovanie v n\u00e1dhernom levandu\u013eovom poli, kde sa stret\u00e1va krajina s n\u00e1dychom elegancie.&nbsp; &nbsp; &nbsp;&nbsp;<\/p>\n<p style=\"text-align: center;\">Z\u00e1bery s\u00fa nesmierne k\u00fazeln\u00e9, u\u017eijete si to pln\u00fdmi d\u00fa\u0161kami po\u010das tepl\u00fdch letn\u00fdch dn\u00ed a v miestnom obchod\u00edku si m\u00f4\u017ete k\u00fapi\u0165 aj levandu\u013eov\u00e9 v\u00fdrobky. To v\u0161etko vytv\u00e1ra ide\u00e1lnu kombin\u00e1ciu pre nezabudnute\u013en\u00e9 rodinn\u00e9 alebo romantick\u00e9 p\u00e1rov\u00e9 fotografie.<\/p>\n<p style=\"text-align: center;\">\ud83d\udcc5 Term\u00edny na rok 2024 s\u00fa obmedzen\u00e9, bud\u00fa v\u0161ak v\u010das zverejnen\u00e9 \ud83d\udcc5<\/p>\n<p style=\"text-align: center;\">Levandu\u013eov\u00e9 fotografovanie prebieha cca na prelome j\u00fana a j\u00fala v Levand\u00e9rii v Tom\u00e1\u0161ikove.<\/p>\n<p><img loading=\"lazy\" class=\"alignnone size-full wp-image-1439\" src=\"http:\/\/sonika.sk\/wp-content\/uploads\/2024\/03\/DSC_0820-scaled.jpg\" alt=\"\" width=\"2560\" height=\"1709\" srcset=\"http:\/\/sonika.sk\/wp-content\/uploads\/2024\/03\/DSC_0820-scaled.jpg 2560w, http:\/\/sonika.sk\/wp-content\/uploads\/2024\/03\/DSC_0820-300x200.jpg 300w, http:\/\/sonika.sk\/wp-content\/uploads\/2024\/03\/DSC_0820-1024x684.jpg 1024w, http:\/\/sonika.sk\/wp-content\/uploads\/2024\/03\/DSC_0820-768x513.jpg 768w, http:\/\/sonika.sk\/wp-content\/uploads\/2024\/03\/DSC_0820-1536x1025.jpg 1536w, http:\/\/sonika.sk\/wp-content\/uploads\/2024\/03\/DSC_0820-2048x1367.jpg 2048w\" sizes=\"(max-width: 2560px) 100vw, 2560px\" \/><img loading=\"lazy\" class=\"alignnone size-full wp-image-1440\" src=\"http:\/\/sonika.sk\/wp-content\/uploads\/2024\/03\/DSC_0836-scaled.jpg\" alt=\"\" width=\"2560\" height=\"1709\" srcset=\"http:\/\/sonika.sk\/wp-content\/uploads\/2024\/03\/DSC_0836-scaled.jpg 2560w, http:\/\/sonika.sk\/wp-content\/uploads\/2024\/03\/DSC_0836-300x200.jpg 300w, http:\/\/sonika.sk\/wp-content\/uploads\/2024\/03\/DSC_0836-1024x684.jpg 1024w, http:\/\/sonika.sk\/wp-content\/uploads\/2024\/03\/DSC_0836-768x513.jpg 768w, http:\/\/sonika.sk\/wp-content\/uploads\/2024\/03\/DSC_0836-1536x1025.jpg 1536w, http:\/\/sonika.sk\/wp-content\/uploads\/2024\/03\/DSC_0836-2048x1367.jpg 2048w\" sizes=\"(max-width: 2560px) 100vw, 2560px\" \/><img loading=\"lazy\" class=\"alignnone size-full wp-image-1441\" src=\"http:\/\/sonika.sk\/wp-content\/uploads\/2024\/03\/DSC_0081-scaled.jpg\" alt=\"\" width=\"1709\" height=\"2560\" srcset=\"http:\/\/sonika.sk\/wp-content\/uploads\/2024\/03\/DSC_0081-scaled.jpg 1709w, http:\/\/sonika.sk\/wp-content\/uploads\/2024\/03\/DSC_0081-200x300.jpg 200w, http:\/\/sonika.sk\/wp-content\/uploads\/2024\/03\/DSC_0081-684x1024.jpg 684w, http:\/\/sonika.sk\/wp-content\/uploads\/2024\/03\/DSC_0081-768x1150.jpg 768w, http:\/\/sonika.sk\/wp-content\/uploads\/2024\/03\/DSC_0081-1025x1536.jpg 1025w, http:\/\/sonika.sk\/wp-content\/uploads\/2024\/03\/DSC_0081-1367x2048.jpg 1367w\" sizes=\"(max-width: 1709px) 100vw, 1709px\" \/><img loading=\"lazy\" class=\"alignnone size-full wp-image-1442\" src=\"http:\/\/sonika.sk\/wp-content\/uploads\/2024\/03\/DSC_0162-scaled.jpg\" alt=\"\" width=\"2560\" height=\"1709\" srcset=\"http:\/\/sonika.sk\/wp-content\/uploads\/2024\/03\/DSC_0162-scaled.jpg 2560w, http:\/\/sonika.sk\/wp-content\/uploads\/2024\/03\/DSC_0162-300x200.jpg 300w, http:\/\/sonika.sk\/wp-content\/uploads\/2024\/03\/DSC_0162-1024x684.jpg 1024w, http:\/\/sonika.sk\/wp-content\/uploads\/2024\/03\/DSC_0162-768x513.jpg 768w, http:\/\/sonika.sk\/wp-content\/uploads\/2024\/03\/DSC_0162-1536x1025.jpg 1536w, http:\/\/sonika.sk\/wp-content\/uploads\/2024\/03\/DSC_0162-2048x1367.jpg 2048w\" sizes=\"(max-width: 2560px) 100vw, 2560px\" \/><img loading=\"lazy\" class=\"alignnone size-full wp-image-1443\" src=\"http:\/\/sonika.sk\/wp-content\/uploads\/2024\/03\/DSC_0141-scaled.jpg\" alt=\"\" width=\"1709\" height=\"2560\" srcset=\"http:\/\/sonika.sk\/wp-content\/uploads\/2024\/03\/DSC_0141-scaled.jpg 1709w, http:\/\/sonika.sk\/wp-content\/uploads\/2024\/03\/DSC_0141-200x300.jpg 200w, http:\/\/sonika.sk\/wp-content\/uploads\/2024\/03\/DSC_0141-684x1024.jpg 684w, http:\/\/sonika.sk\/wp-content\/uploads\/2024\/03\/DSC_0141-768x1150.jpg 768w, http:\/\/sonika.sk\/wp-content\/uploads\/2024\/03\/DSC_0141-1025x1536.jpg 1025w, http:\/\/sonika.sk\/wp-content\/uploads\/2024\/03\/DSC_0141-1367x2048.jpg 1367w\" sizes=\"(max-width: 1709px) 100vw, 1709px\" \/><img loading=\"lazy\" class=\"alignnone size-full wp-image-1444\" src=\"http:\/\/sonika.sk\/wp-content\/uploads\/2024\/03\/DSC_0195-scaled.jpg\" alt=\"\" width=\"2560\" height=\"1709\" srcset=\"http:\/\/sonika.sk\/wp-content\/uploads\/2024\/03\/DSC_0195-scaled.jpg 2560w, http:\/\/sonika.sk\/wp-content\/uploads\/2024\/03\/DSC_0195-300x200.jpg 300w, http:\/\/sonika.sk\/wp-content\/uploads\/2024\/03\/DSC_0195-1024x684.jpg 1024w, http:\/\/sonika.sk\/wp-content\/uploads\/2024\/03\/DSC_0195-768x513.jpg 768w, http:\/\/sonika.sk\/wp-content\/uploads\/2024\/03\/DSC_0195-1536x1025.jpg 1536w, http:\/\/sonika.sk\/wp-content\/uploads\/2024\/03\/DSC_0195-2048x1367.jpg 2048w\" sizes=\"(max-width: 2560px) 100vw, 2560px\" \/><img loading=\"lazy\" class=\"alignnone size-full wp-image-1445\" src=\"http:\/\/sonika.sk\/wp-content\/uploads\/2024\/03\/DSC_0055-scaled.jpg\" alt=\"\" width=\"2560\" height=\"1709\" srcset=\"http:\/\/sonika.sk\/wp-content\/uploads\/2024\/03\/DSC_0055-scaled.jpg 2560w, http:\/\/sonika.sk\/wp-content\/uploads\/2024\/03\/DSC_0055-300x200.jpg 300w, http:\/\/sonika.sk\/wp-content\/uploads\/2024\/03\/DSC_0055-1024x684.jpg 1024w, http:\/\/sonika.sk\/wp-content\/uploads\/2024\/03\/DSC_0055-768x513.jpg 768w, http:\/\/sonika.sk\/wp-content\/uploads\/2024\/03\/DSC_0055-1536x1025.jpg 1536w, http:\/\/sonika.sk\/wp-content\/uploads\/2024\/03\/DSC_0055-2048x1367.jpg 2048w\" sizes=\"(max-width: 2560px) 100vw, 2560px\" \/><img loading=\"lazy\" class=\"alignnone size-full wp-image-1446\" src=\"http:\/\/sonika.sk\/wp-content\/uploads\/2024\/03\/DSC_0038-scaled.jpg\" alt=\"\" width=\"2560\" height=\"1709\" srcset=\"http:\/\/sonika.sk\/wp-content\/uploads\/2024\/03\/DSC_0038-scaled.jpg 2560w, http:\/\/sonika.sk\/wp-content\/uploads\/2024\/03\/DSC_0038-300x200.jpg 300w, http:\/\/sonika.sk\/wp-content\/uploads\/2024\/03\/DSC_0038-1024x684.jpg 1024w, http:\/\/sonika.sk\/wp-content\/uploads\/2024\/03\/DSC_0038-768x513.jpg 768w, http:\/\/sonika.sk\/wp-content\/uploads\/2024\/03\/DSC_0038-1536x1025.jpg 1536w, http:\/\/sonika.sk\/wp-content\/uploads\/2024\/03\/DSC_0038-2048x1367.jpg 2048w\" sizes=\"(max-width: 2560px) 100vw, 2560px\" \/><img loading=\"lazy\" class=\"alignnone size-full wp-image-1447\" src=\"http:\/\/sonika.sk\/wp-content\/uploads\/2024\/03\/DSC_0490-scaled.jpg\" alt=\"\" width=\"2560\" height=\"1709\" srcset=\"http:\/\/sonika.sk\/wp-content\/uploads\/2024\/03\/DSC_0490-scaled.jpg 2560w, http:\/\/sonika.sk\/wp-content\/uploads\/2024\/03\/DSC_0490-300x200.jpg 300w, http:\/\/sonika.sk\/wp-content\/uploads\/2024\/03\/DSC_0490-1024x684.jpg 1024w, http:\/\/sonika.sk\/wp-content\/uploads\/2024\/03\/DSC_0490-768x513.jpg 768w, http:\/\/sonika.sk\/wp-content\/uploads\/2024\/03\/DSC_0490-1536x1025.jpg 1536w, http:\/\/sonika.sk\/wp-content\/uploads\/2024\/03\/DSC_0490-2048x1367.jpg 2048w\" sizes=\"(max-width: 2560px) 100vw, 2560px\" \/><img loading=\"lazy\" class=\"alignnone size-full wp-image-1448\" src=\"http:\/\/sonika.sk\/wp-content\/uploads\/2024\/03\/DSC_0622-scaled.jpg\" alt=\"\" width=\"2560\" height=\"1709\" srcset=\"http:\/\/sonika.sk\/wp-content\/uploads\/2024\/03\/DSC_0622-scaled.jpg 2560w, http:\/\/sonika.sk\/wp-content\/uploads\/2024\/03\/DSC_0622-300x200.jpg 300w, http:\/\/sonika.sk\/wp-content\/uploads\/2024\/03\/DSC_0622-1024x684.jpg 1024w, http:\/\/sonika.sk\/wp-content\/uploads\/2024\/03\/DSC_0622-768x513.jpg 768w, http:\/\/sonika.sk\/wp-content\/uploads\/2024\/03\/DSC_0622-1536x1025.jpg 1536w, http:\/\/sonika.sk\/wp-content\/uploads\/2024\/03\/DSC_0622-2048x1367.jpg 2048w\" sizes=\"(max-width: 2560px) 100vw, 2560px\" \/><img loading=\"lazy\" class=\"alignnone size-full wp-image-1449\" src=\"http:\/\/sonika.sk\/wp-content\/uploads\/2024\/03\/DSC_0673-scaled.jpg\" alt=\"\" width=\"1709\" height=\"2560\" srcset=\"http:\/\/sonika.sk\/wp-content\/uploads\/2024\/03\/DSC_0673-scaled.jpg 1709w, http:\/\/sonika.sk\/wp-content\/uploads\/2024\/03\/DSC_0673-200x300.jpg 200w, http:\/\/sonika.sk\/wp-content\/uploads\/2024\/03\/DSC_0673-684x1024.jpg 684w, http:\/\/sonika.sk\/wp-content\/uploads\/2024\/03\/DSC_0673-768x1150.jpg 768w, http:\/\/sonika.sk\/wp-content\/uploads\/2024\/03\/DSC_0673-1025x1536.jpg 1025w, http:\/\/sonika.sk\/wp-content\/uploads\/2024\/03\/DSC_0673-1367x2048.jpg 1367w\" sizes=\"(max-width: 1709px) 100vw, 1709px\" \/><img loading=\"lazy\" class=\"alignnone size-full wp-image-1450\" src=\"http:\/\/sonika.sk\/wp-content\/uploads\/2024\/03\/DSC_0907-scaled.jpg\" alt=\"\" width=\"2560\" height=\"1709\" srcset=\"http:\/\/sonika.sk\/wp-content\/uploads\/2024\/03\/DSC_0907-scaled.jpg 2560w, http:\/\/sonika.sk\/wp-content\/uploads\/2024\/03\/DSC_0907-300x200.jpg 300w, http:\/\/sonika.sk\/wp-content\/uploads\/2024\/03\/DSC_0907-1024x684.jpg 1024w, http:\/\/sonika.sk\/wp-content\/uploads\/2024\/03\/DSC_0907-768x513.jpg 768w, http:\/\/sonika.sk\/wp-content\/uploads\/2024\/03\/DSC_0907-1536x1025.jpg 1536w, http:\/\/sonika.sk\/wp-content\/uploads\/2024\/03\/DSC_0907-2048x1367.jpg 2048w\" sizes=\"(max-width: 2560px) 100vw, 2560px\" \/><img loading=\"lazy\" class=\"alignnone size-full wp-image-1451\" src=\"http:\/\/sonika.sk\/wp-content\/uploads\/2024\/03\/DSC_0046-scaled.jpg\" alt=\"\" width=\"2560\" height=\"1709\" srcset=\"http:\/\/sonika.sk\/wp-content\/uploads\/2024\/03\/DSC_0046-scaled.jpg 2560w, http:\/\/sonika.sk\/wp-content\/uploads\/2024\/03\/DSC_0046-300x200.jpg 300w, http:\/\/sonika.sk\/wp-content\/uploads\/2024\/03\/DSC_0046-1024x684.jpg 1024w, http:\/\/sonika.sk\/wp-content\/uploads\/2024\/03\/DSC_0046-768x513.jpg 768w, http:\/\/sonika.sk\/wp-content\/uploads\/2024\/03\/DSC_0046-1536x1025.jpg 1536w, http:\/\/sonika.sk\/wp-content\/uploads\/2024\/03\/DSC_0046-2048x1367.jpg 2048w\" sizes=\"(max-width: 2560px) 100vw, 2560px\" \/><img loading=\"lazy\" class=\"alignnone size-full wp-image-1452\" src=\"http:\/\/sonika.sk\/wp-content\/uploads\/2024\/03\/DSC_0800-scaled.jpg\" alt=\"\" width=\"2560\" height=\"1709\" srcset=\"http:\/\/sonika.sk\/wp-content\/uploads\/2024\/03\/DSC_0800-scaled.jpg 2560w, http:\/\/sonika.sk\/wp-content\/uploads\/2024\/03\/DSC_0800-300x200.jpg 300w, http:\/\/sonika.sk\/wp-content\/uploads\/2024\/03\/DSC_0800-1024x684.jpg 1024w, http:\/\/sonika.sk\/wp-content\/uploads\/2024\/03\/DSC_0800-768x513.jpg 768w, http:\/\/sonika.sk\/wp-content\/uploads\/2024\/03\/DSC_0800-1536x1025.jpg 1536w, http:\/\/sonika.sk\/wp-content\/uploads\/2024\/03\/DSC_0800-2048x1367.jpg 2048w\" sizes=\"(max-width: 2560px) 100vw, 2560px\" \/><img loading=\"lazy\" class=\"alignnone size-full wp-image-1453\" src=\"http:\/\/sonika.sk\/wp-content\/uploads\/2024\/03\/DSC_0921-scaled.jpg\" alt=\"\" width=\"1709\" height=\"2560\" srcset=\"http:\/\/sonika.sk\/wp-content\/uploads\/2024\/03\/DSC_0921-scaled.jpg 1709w, http:\/\/sonika.sk\/wp-content\/uploads\/2024\/03\/DSC_0921-200x300.jpg 200w, http:\/\/sonika.sk\/wp-content\/uploads\/2024\/03\/DSC_0921-684x1024.jpg 684w, http:\/\/sonika.sk\/wp-content\/uploads\/2024\/03\/DSC_0921-768x1150.jpg 768w, http:\/\/sonika.sk\/wp-content\/uploads\/2024\/03\/DSC_0921-1025x1536.jpg 1025w, http:\/\/sonika.sk\/wp-content\/uploads\/2024\/03\/DSC_0921-1367x2048.jpg 1367w\" sizes=\"(max-width: 1709px) 100vw, 1709px\" \/><img loading=\"lazy\" class=\"alignnone size-full wp-image-1454\" src=\"http:\/\/sonika.sk\/wp-content\/uploads\/2024\/03\/DSC_0943-scaled.jpg\" alt=\"\" width=\"1709\" height=\"2560\" srcset=\"http:\/\/sonika.sk\/wp-content\/uploads\/2024\/03\/DSC_0943-scaled.jpg 1709w, http:\/\/sonika.sk\/wp-content\/uploads\/2024\/03\/DSC_0943-200x300.jpg 200w, http:\/\/sonika.sk\/wp-content\/uploads\/2024\/03\/DSC_0943-684x1024.jpg 684w, http:\/\/sonika.sk\/wp-content\/uploads\/2024\/03\/DSC_0943-768x1150.jpg 768w, http:\/\/sonika.sk\/wp-content\/uploads\/2024\/03\/DSC_0943-1025x1536.jpg 1025w, http:\/\/sonika.sk\/wp-content\/uploads\/2024\/03\/DSC_0943-1367x2048.jpg 1367w\" sizes=\"(max-width: 1709px) 100vw, 1709px\" \/><\/p>\n<p><img loading=\"lazy\" class=\"alignnone size-full wp-image-1397\" src=\"http:\/\/sonika.sk\/wp-content\/uploads\/2024\/03\/DSC_0958-scaled.jpg\" alt=\"\" width=\"2560\" height=\"1709\" srcset=\"http:\/\/sonika.sk\/wp-content\/uploads\/2024\/03\/DSC_0958-scaled.jpg 2560w, http:\/\/sonika.sk\/wp-content\/uploads\/2024\/03\/DSC_0958-300x200.jpg 300w, http:\/\/sonika.sk\/wp-content\/uploads\/2024\/03\/DSC_0958-1024x684.jpg 1024w, http:\/\/sonika.sk\/wp-content\/uploads\/2024\/03\/DSC_0958-768x513.jpg 768w, http:\/\/sonika.sk\/wp-content\/uploads\/2024\/03\/DSC_0958-1536x1025.jpg 1536w, http:\/\/sonika.sk\/wp-content\/uploads\/2024\/03\/DSC_0958-2048x1367.jpg 2048w\" sizes=\"(max-width: 2560px) 100vw, 2560px\" \/> <img loading=\"lazy\" class=\"alignnone size-full wp-image-1543\" src=\"http:\/\/sonika.sk\/wp-content\/uploads\/2024\/03\/DSC_0144-scaled.jpg\" alt=\"\" width=\"2560\" height=\"1709\" srcset=\"http:\/\/sonika.sk\/wp-content\/uploads\/2024\/03\/DSC_0144-scaled.jpg 2560w, http:\/\/sonika.sk\/wp-content\/uploads\/2024\/03\/DSC_0144-300x200.jpg 300w, http:\/\/sonika.sk\/wp-content\/uploads\/2024\/03\/DSC_0144-1024x684.jpg 1024w, http:\/\/sonika.sk\/wp-content\/uploads\/2024\/03\/DSC_0144-768x513.jpg 768w, http:\/\/sonika.sk\/wp-content\/uploads\/2024\/03\/DSC_0144-1536x1025.jpg 1536w, http:\/\/sonika.sk\/wp-content\/uploads\/2024\/03\/DSC_0144-2048x1367.jpg 2048w\" sizes=\"(max-width: 2560px) 100vw, 2560px\" \/><img loading=\"lazy\" class=\"alignnone size-full wp-image-1544\" src=\"http:\/\/sonika.sk\/wp-content\/uploads\/2024\/03\/DSC_0189-scaled.jpg\" alt=\"\" width=\"1709\" height=\"2560\" srcset=\"http:\/\/sonika.sk\/wp-content\/uploads\/2024\/03\/DSC_0189-scaled.jpg 1709w, http:\/\/sonika.sk\/wp-content\/uploads\/2024\/03\/DSC_0189-200x300.jpg 200w, http:\/\/sonika.sk\/wp-content\/uploads\/2024\/03\/DSC_0189-684x1024.jpg 684w, http:\/\/sonika.sk\/wp-content\/uploads\/2024\/03\/DSC_0189-768x1151.jpg 768w, http:\/\/sonika.sk\/wp-content\/uploads\/2024\/03\/DSC_0189-1025x1536.jpg 1025w, http:\/\/sonika.sk\/wp-content\/uploads\/2024\/03\/DSC_0189-1367x2048.jpg 1367w\" sizes=\"(max-width: 1709px) 100vw, 1709px\" \/>[\/vc_column_text][\/vc_column][\/vc_row][vc_row][vc_column][\/vc_column][\/vc_row]<\/p>\n","protected":false},"excerpt":{"rendered":"<p>[vc_row][vc_column][vc_column_text] Milovn\u00edci pr\u00edrody a fotografi\u00ed, m\u00e1m pre v\u00e1s \u00fa\u017easn\u00fa pr\u00edle\u017eitos\u0165! Fotografovanie v n\u00e1dhernom levandu\u013eovom poli, kde sa stret\u00e1va krajina s n\u00e1dychom elegancie.&nbsp; &nbsp; &nbsp;&nbsp; Z\u00e1bery s\u00fa nesmierne k\u00fazeln\u00e9, u\u017eijete si [&hellip;]<\/p>\n","protected":false},"author":2,"featured_media":0,"parent":0,"menu_order":0,"comment_status":"closed","ping_status":"closed","template":"","meta":{"_mi_skip_tracking":false,"ngg_post_thumbnail":0},"yoast_head":"<!-- This site is optimized with the Yoast SEO plugin v18.8 - https:\/\/yoast.com\/wordpress\/plugins\/seo\/ -->\n<title>Fotografovanie v levanduli - So\u0148a Kab\u00e1tov\u00e1 - SONIKA<\/title>\n<meta name=\"robots\" content=\"index, follow, max-snippet:-1, max-image-preview:large, max-video-preview:-1\" \/>\n<link rel=\"canonical\" href=\"http:\/\/sonika.sk\/?page_id=1435\" \/>\n<meta property=\"og:locale\" content=\"sk_SK\" \/>\n<meta property=\"og:type\" content=\"article\" \/>\n<meta property=\"og:title\" content=\"Fotografovanie v levanduli - So\u0148a Kab\u00e1tov\u00e1 - SONIKA\" \/>\n<meta property=\"og:description\" content=\"[vc_row][vc_column][vc_column_text] Milovn\u00edci pr\u00edrody a fotografi\u00ed, m\u00e1m pre v\u00e1s \u00fa\u017easn\u00fa pr\u00edle\u017eitos\u0165! Fotografovanie v n\u00e1dhernom levandu\u013eovom poli, kde sa stret\u00e1va krajina s n\u00e1dychom elegancie.&nbsp; &nbsp; &nbsp;&nbsp; Z\u00e1bery s\u00fa nesmierne k\u00fazeln\u00e9, u\u017eijete si [&hellip;]\" \/>\n<meta property=\"og:url\" content=\"http:\/\/sonika.sk\/?page_id=1435\" \/>\n<meta property=\"og:site_name\" content=\"So\u0148a Kab\u00e1tov\u00e1 - SONIKA\" \/>\n<meta property=\"article:modified_time\" content=\"2024-03-07T13:49:18+00:00\" \/>\n<meta property=\"og:image\" content=\"http:\/\/sonika.sk\/wp-content\/uploads\/2024\/03\/DSC_0820-scaled.jpg\" \/>\n<meta name=\"twitter:card\" content=\"summary_large_image\" \/>\n<meta name=\"twitter:label1\" content=\"Predpokladan\u00fd \u010das \u010d\u00edtania\" \/>\n\t<meta name=\"twitter:data1\" content=\"1 min\u00fata\" \/>\n<script type=\"application\/ld+json\" class=\"yoast-schema-graph\">{\"@context\":\"https:\/\/schema.org\",\"@graph\":[{\"@type\":[\"Person\",\"Organization\"],\"@id\":\"http:\/\/sonika.sk\/#\/schema\/person\/af4af21d3691d05680030cceaf0d8485\",\"name\":\"So\u0148a Kab\u00e1tov\u00e1\",\"image\":{\"@type\":\"ImageObject\",\"inLanguage\":\"sk-SK\",\"@id\":\"http:\/\/sonika.sk\/#\/schema\/person\/image\/\",\"url\":\"http:\/\/1.gravatar.com\/avatar\/767bac3a677d8299a707cfeb0a56a270?s=96&d=mm&r=g\",\"contentUrl\":\"http:\/\/1.gravatar.com\/avatar\/767bac3a677d8299a707cfeb0a56a270?s=96&d=mm&r=g\",\"caption\":\"So\u0148a Kab\u00e1tov\u00e1\"},\"logo\":{\"@id\":\"http:\/\/sonika.sk\/#\/schema\/person\/image\/\"}},{\"@type\":\"WebSite\",\"@id\":\"http:\/\/sonika.sk\/#website\",\"url\":\"http:\/\/sonika.sk\/\",\"name\":\"So\u0148a Kab\u00e1tov\u00e1 - SONIKA\",\"description\":\"SVADOBN\u00c1, RODINN\u00c1 A NOVORODENECK\u00c1 FOTOGRAFKA\",\"publisher\":{\"@id\":\"http:\/\/sonika.sk\/#\/schema\/person\/af4af21d3691d05680030cceaf0d8485\"},\"potentialAction\":[{\"@type\":\"SearchAction\",\"target\":{\"@type\":\"EntryPoint\",\"urlTemplate\":\"http:\/\/sonika.sk\/?s={search_term_string}\"},\"query-input\":\"required name=search_term_string\"}],\"inLanguage\":\"sk-SK\"},{\"@type\":\"ImageObject\",\"inLanguage\":\"sk-SK\",\"@id\":\"http:\/\/sonika.sk\/?page_id=1435#primaryimage\",\"url\":\"http:\/\/sonika.sk\/wp-content\/uploads\/2024\/03\/DSC_0820-scaled.jpg\",\"contentUrl\":\"http:\/\/sonika.sk\/wp-content\/uploads\/2024\/03\/DSC_0820-scaled.jpg\",\"width\":2560,\"height\":1709},{\"@type\":\"WebPage\",\"@id\":\"http:\/\/sonika.sk\/?page_id=1435#webpage\",\"url\":\"http:\/\/sonika.sk\/?page_id=1435\",\"name\":\"Fotografovanie v levanduli - So\u0148a Kab\u00e1tov\u00e1 - SONIKA\",\"isPartOf\":{\"@id\":\"http:\/\/sonika.sk\/#website\"},\"primaryImageOfPage\":{\"@id\":\"http:\/\/sonika.sk\/?page_id=1435#primaryimage\"},\"datePublished\":\"2024-03-03T20:38:54+00:00\",\"dateModified\":\"2024-03-07T13:49:18+00:00\",\"breadcrumb\":{\"@id\":\"http:\/\/sonika.sk\/?page_id=1435#breadcrumb\"},\"inLanguage\":\"sk-SK\",\"potentialAction\":[{\"@type\":\"ReadAction\",\"target\":[\"http:\/\/sonika.sk\/?page_id=1435\"]}]},{\"@type\":\"BreadcrumbList\",\"@id\":\"http:\/\/sonika.sk\/?page_id=1435#breadcrumb\",\"itemListElement\":[{\"@type\":\"ListItem\",\"position\":1,\"name\":\"Home\",\"item\":\"http:\/\/sonika.sk\/\"},{\"@type\":\"ListItem\",\"position\":2,\"name\":\"Fotografovanie v levanduli\"}]}]}<\/script>\n<!-- \/ Yoast SEO plugin. -->","yoast_head_json":{"title":"Fotografovanie v levanduli - So\u0148a Kab\u00e1tov\u00e1 - SONIKA","robots":{"index":"index","follow":"follow","max-snippet":"max-snippet:-1","max-image-preview":"max-image-preview:large","max-video-preview":"max-video-preview:-1"},"canonical":"http:\/\/sonika.sk\/?page_id=1435","og_locale":"sk_SK","og_type":"article","og_title":"Fotografovanie v levanduli - So\u0148a Kab\u00e1tov\u00e1 - SONIKA","og_description":"[vc_row][vc_column][vc_column_text] Milovn\u00edci pr\u00edrody a fotografi\u00ed, m\u00e1m pre v\u00e1s \u00fa\u017easn\u00fa pr\u00edle\u017eitos\u0165! Fotografovanie v n\u00e1dhernom levandu\u013eovom poli, kde sa stret\u00e1va krajina s n\u00e1dychom elegancie.&nbsp; &nbsp; &nbsp;&nbsp; Z\u00e1bery s\u00fa nesmierne k\u00fazeln\u00e9, u\u017eijete si [&hellip;]","og_url":"http:\/\/sonika.sk\/?page_id=1435","og_site_name":"So\u0148a Kab\u00e1tov\u00e1 - SONIKA","article_modified_time":"2024-03-07T13:49:18+00:00","og_image":[{"url":"http:\/\/sonika.sk\/wp-content\/uploads\/2024\/03\/DSC_0820-scaled.jpg"}],"twitter_card":"summary_large_image","twitter_misc":{"Predpokladan\u00fd \u010das \u010d\u00edtania":"1 min\u00fata"},"schema":{"@context":"https:\/\/schema.org","@graph":[{"@type":["Person","Organization"],"@id":"http:\/\/sonika.sk\/#\/schema\/person\/af4af21d3691d05680030cceaf0d8485","name":"So\u0148a Kab\u00e1tov\u00e1","image":{"@type":"ImageObject","inLanguage":"sk-SK","@id":"http:\/\/sonika.sk\/#\/schema\/person\/image\/","url":"http:\/\/1.gravatar.com\/avatar\/767bac3a677d8299a707cfeb0a56a270?s=96&d=mm&r=g","contentUrl":"http:\/\/1.gravatar.com\/avatar\/767bac3a677d8299a707cfeb0a56a270?s=96&d=mm&r=g","caption":"So\u0148a Kab\u00e1tov\u00e1"},"logo":{"@id":"http:\/\/sonika.sk\/#\/schema\/person\/image\/"}},{"@type":"WebSite","@id":"http:\/\/sonika.sk\/#website","url":"http:\/\/sonika.sk\/","name":"So\u0148a Kab\u00e1tov\u00e1 - SONIKA","description":"SVADOBN\u00c1, RODINN\u00c1 A NOVORODENECK\u00c1 FOTOGRAFKA","publisher":{"@id":"http:\/\/sonika.sk\/#\/schema\/person\/af4af21d3691d05680030cceaf0d8485"},"potentialAction":[{"@type":"SearchAction","target":{"@type":"EntryPoint","urlTemplate":"http:\/\/sonika.sk\/?s={search_term_string}"},"query-input":"required name=search_term_string"}],"inLanguage":"sk-SK"},{"@type":"ImageObject","inLanguage":"sk-SK","@id":"http:\/\/sonika.sk\/?page_id=1435#primaryimage","url":"http:\/\/sonika.sk\/wp-content\/uploads\/2024\/03\/DSC_0820-scaled.jpg","contentUrl":"http:\/\/sonika.sk\/wp-content\/uploads\/2024\/03\/DSC_0820-scaled.jpg","width":2560,"height":1709},{"@type":"WebPage","@id":"http:\/\/sonika.sk\/?page_id=1435#webpage","url":"http:\/\/sonika.sk\/?page_id=1435","name":"Fotografovanie v levanduli - So\u0148a Kab\u00e1tov\u00e1 - SONIKA","isPartOf":{"@id":"http:\/\/sonika.sk\/#website"},"primaryImageOfPage":{"@id":"http:\/\/sonika.sk\/?page_id=1435#primaryimage"},"datePublished":"2024-03-03T20:38:54+00:00","dateModified":"2024-03-07T13:49:18+00:00","breadcrumb":{"@id":"http:\/\/sonika.sk\/?page_id=1435#breadcrumb"},"inLanguage":"sk-SK","potentialAction":[{"@type":"ReadAction","target":["http:\/\/sonika.sk\/?page_id=1435"]}]},{"@type":"BreadcrumbList","@id":"http:\/\/sonika.sk\/?page_id=1435#breadcrumb","itemListElement":[{"@type":"ListItem","position":1,"name":"Home","item":"http:\/\/sonika.sk\/"},{"@type":"ListItem","position":2,"name":"Fotografovanie v levanduli"}]}]}},"_links":{"self":[{"href":"http:\/\/sonika.sk\/index.php?rest_route=\/wp\/v2\/pages\/1435"}],"collection":[{"href":"http:\/\/sonika.sk\/index.php?rest_route=\/wp\/v2\/pages"}],"about":[{"href":"http:\/\/sonika.sk\/index.php?rest_route=\/wp\/v2\/types\/page"}],"author":[{"embeddable":true,"href":"http:\/\/sonika.sk\/index.php?rest_route=\/wp\/v2\/users\/2"}],"replies":[{"embeddable":true,"href":"http:\/\/sonika.sk\/index.php?rest_route=%2Fwp%2Fv2%2Fcomments&post=1435"}],"version-history":[{"count":6,"href":"http:\/\/sonika.sk\/index.php?rest_route=\/wp\/v2\/pages\/1435\/revisions"}],"predecessor-version":[{"id":1545,"href":"http:\/\/sonika.sk\/index.php?rest_route=\/wp\/v2\/pages\/1435\/revisions\/1545"}],"wp:attachment":[{"href":"http:\/\/sonika.sk\/index.php?rest_route=%2Fwp%2Fv2%2Fmedia&parent=1435"}],"curies":[{"name":"wp","href":"https:\/\/api.w.org\/{rel}","templated":true}]}}